{"id":2093,"date":"2018-09-03T11:04:16","date_gmt":"2018-09-03T11:04:16","guid":{"rendered":"https:\/\/decohomes.es\/sobre-nosotros\/"},"modified":"2024-09-26T15:27:49","modified_gmt":"2024-09-26T15:27:49","slug":"ueber-uns","status":"publish","type":"page","link":"https:\/\/decohomes.es\/de\/ueber-uns\/","title":{"rendered":"\u00dcber uns"},"content":{"rendered":"\t\t<div data-elementor-type=\"wp-post\" data-elementor-id=\"2093\" class=\"elementor elementor-2093 elementor-34\" data-elementor-post-type=\"page\">\n\t\t\t\t<div class=\"elementor-element elementor-element-d72bffd e-flex e-con-boxed e-con e-parent\" data-id=\"d72bffd\" data-element_type=\"container\" data-settings=\"{&quot;jet_parallax_layout_list&quot;:[]}\">\n\t\t\t\t\t<div class=\"e-con-inner\">\n\t\t\t\t<div class=\"elementor-element elementor-element-2eae9b3 elementor-widget elementor-widget-image\" data-id=\"2eae9b3\" data-element_type=\"widget\" data-widget_type=\"image.default\">\n\t\t\t\t<div class=\"elementor-widget-container\">\n\t\t\t\t\t\t\t\t\t\t\t\t\t\t\t<img fetchpriority=\"high\" decoding=\"async\" width=\"1024\" height=\"449\" src=\"https:\/\/decohomes.es\/wp-content\/uploads\/2024\/07\/A03-1024x449.jpg\" class=\"attachment-large size-large wp-image-1954\" alt=\"\" srcset=\"https:\/\/decohomes.es\/wp-content\/uploads\/2024\/07\/A03-1024x449.jpg 1024w, https:\/\/decohomes.es\/wp-content\/uploads\/2024\/07\/A03-300x132.jpg 300w, https:\/\/decohomes.es\/wp-content\/uploads\/2024\/07\/A03-768x337.jpg 768w, https:\/\/decohomes.es\/wp-content\/uploads\/2024\/07\/A03-1536x674.jpg 1536w, https:\/\/decohomes.es\/wp-content\/uploads\/2024\/07\/A03.jpg 1600w\" sizes=\"(max-width: 1024px) 100vw, 1024px\" \/>\t\t\t\t\t\t\t\t\t\t\t\t\t\t\t<\/div>\n\t\t\t\t<\/div>\n\t\t\t\t\t<\/div>\n\t\t\t\t<\/div>\n\t\t\t\t<section class=\"elementor-section elementor-top-section elementor-element elementor-element-420ae6c elementor-section-boxed elementor-section-height-default elementor-section-height-default\" data-id=\"420ae6c\" data-element_type=\"section\" data-settings=\"{&quot;jet_parallax_layout_list&quot;:[{&quot;jet_parallax_layout_image&quot;:{&quot;url&quot;:&quot;&quot;,&quot;id&quot;:&quot;&quot;,&quot;size&quot;:&quot;&quot;},&quot;_id&quot;:&quot;2ed72b1&quot;,&quot;jet_parallax_layout_speed&quot;:{&quot;unit&quot;:&quot;%&quot;,&quot;size&quot;:&quot;50&quot;,&quot;sizes&quot;:[]},&quot;jet_parallax_layout_bg_x&quot;:&quot;50&quot;,&quot;jet_parallax_layout_bg_y&quot;:&quot;50&quot;,&quot;jet_parallax_layout_image_tablet&quot;:{&quot;url&quot;:&quot;&quot;,&quot;id&quot;:&quot;&quot;,&quot;size&quot;:&quot;&quot;},&quot;jet_parallax_layout_image_mobile&quot;:{&quot;url&quot;:&quot;&quot;,&quot;id&quot;:&quot;&quot;,&quot;size&quot;:&quot;&quot;},&quot;jet_parallax_layout_type&quot;:&quot;scroll&quot;,&quot;jet_parallax_layout_direction&quot;:null,&quot;jet_parallax_layout_fx_direction&quot;:null,&quot;jet_parallax_layout_z_index&quot;:&quot;&quot;,&quot;jet_parallax_layout_bg_x_tablet&quot;:&quot;&quot;,&quot;jet_parallax_layout_bg_x_mobile&quot;:&quot;&quot;,&quot;jet_parallax_layout_bg_y_tablet&quot;:&quot;&quot;,&quot;jet_parallax_layout_bg_y_mobile&quot;:&quot;&quot;,&quot;jet_parallax_layout_bg_size&quot;:&quot;auto&quot;,&quot;jet_parallax_layout_bg_size_tablet&quot;:&quot;&quot;,&quot;jet_parallax_layout_bg_size_mobile&quot;:&quot;&quot;,&quot;jet_parallax_layout_animation_prop&quot;:&quot;transform&quot;,&quot;jet_parallax_layout_on&quot;:[&quot;desktop&quot;,&quot;tablet&quot;]}]}\">\n\t\t\t\t\t\t<div class=\"elementor-container elementor-column-gap-default\">\n\t\t\t\t\t<div class=\"elementor-column elementor-col-100 elementor-top-column elementor-element elementor-element-6a4380f\" data-id=\"6a4380f\" data-element_type=\"column\">\n\t\t\t<div class=\"elementor-widget-wrap elementor-element-populated\">\n\t\t\t\t\t\t<div class=\"elementor-element elementor-element-968327c elementor-widget elementor-widget-heading\" data-id=\"968327c\" data-element_type=\"widget\" data-widget_type=\"heading.default\">\n\t\t\t\t<div class=\"elementor-widget-container\">\n\t\t\t\t\t<h1 class=\"elementor-heading-title elementor-size-default\">Innovation und Qualit\u00e4t in Heim- und Gartentextilien<\/h1>\t\t\t\t<\/div>\n\t\t\t\t<\/div>\n\t\t\t\t<div class=\"elementor-element elementor-element-d2ec705 elementor-widget elementor-widget-text-editor\" data-id=\"d2ec705\" data-element_type=\"widget\" data-widget_type=\"text-editor.default\">\n\t\t\t\t<div class=\"elementor-widget-container\">\n\t\t\t\t\t\t\t\t\t<p>Decohome\u00ae wurde 2013 gegr\u00fcndet und zeichnet sich dadurch aus, dass alle Prozesse der Entwicklung, Gestaltung, Produktion und des Verkaufs ihrer Produkte integriert sind.<\/p><p>Das Unternehmen ist auf den Textilsektor spezialisiert und bietet ein breites Sortiment an Produkten, die in zwei Gesch\u00e4ftsbereiche unterteilt sind: die Heimlinie und die Garten-Dekorationslinie.<\/p><p>Die Heimlinie umfasst alle Bereiche eines Hauses, von Schlafzimmern, Wohnzimmern, B\u00e4dern und K\u00fcchen bis hin zur Gartendekoration. Unser Fokus liegt darauf, ein harmonisch abgestimmtes Produktsortiment anzubieten, das komfortable und \u00e4sthetisch ansprechende R\u00e4ume f\u00fcr unsere Kunden schafft.<\/p><p>Wir k\u00fcmmern uns um das Wohl unserer Kunden und ihrer Familien, weshalb wir unsere Anstrengungen darauf richten, ihnen die bequemsten und qualitativ hochwertigsten Produkte zu bieten.<\/p><p>Wir implementieren ein effizientes Unternehmensmanagement und verf\u00fcgen \u00fcber fortschrittliche Schulungsprogramme, die es uns erm\u00f6glichen, hochqualifizierte und verantwortungsbewusste Produktions- und Vertriebsteams zu haben. Dar\u00fcber hinaus sammeln und analysieren wir kontinuierlich Marktdaten, um rechtzeitig auf Ver\u00e4nderungen zu reagieren und unsere Position in einem wettbewerbsintensiven Gesch\u00e4ftsumfeld zu st\u00e4rken.<\/p><p>Decohome\u00ae ist ein attraktives und wettbewerbsf\u00e4higes Unternehmen, das unerm\u00fcdlich daran arbeitet, hochwertige Produkte und Dienstleistungen anzubieten, das Vertrauen unserer Kunden zu erf\u00fcllen und sich ihren st\u00e4ndig wandelnden Bed\u00fcrfnissen anzupassen.<\/p><p>\u00a0<\/p>\t\t\t\t\t\t\t\t<\/div>\n\t\t\t\t<\/div>\n\t\t\t\t\t<\/div>\n\t\t<\/div>\n\t\t\t\t\t<\/div>\n\t\t<\/section>\n\t\t\t\t<\/div>\n\t\t","protected":false},"excerpt":{"rendered":"<p>Innovation und Qualit\u00e4t in Heim- und Gartentextilien Decohome\u00ae wurde 2013 gegr\u00fcndet und zeichnet sich dadurch aus, dass alle Prozesse der Entwicklung, Gestaltung, Produktion und des Verkaufs ihrer Produkte integriert sind. Das Unternehmen ist auf den Textilsektor spezialisiert und bietet ein breites Sortiment an Produkten, die in zwei Gesch\u00e4ftsbereiche unterteilt sind: die Heimlinie und die Garten-Dekorationslinie. [&hellip;]<\/p>\n","protected":false},"author":1,"featured_media":0,"parent":0,"menu_order":0,"comment_status":"closed","ping_status":"closed","template":"elementor_header_footer","meta":{"_acf_changed":false,"footnotes":""},"class_list":["post-2093","page","type-page","status-publish","hentry"],"acf":[],"_links":{"self":[{"href":"https:\/\/decohomes.es\/de\/wp-json\/wp\/v2\/pages\/2093","targetHints":{"allow":["GET"]}}],"collection":[{"href":"https:\/\/decohomes.es\/de\/wp-json\/wp\/v2\/pages"}],"about":[{"href":"https:\/\/decohomes.es\/de\/wp-json\/wp\/v2\/types\/page"}],"author":[{"embeddable":true,"href":"https:\/\/decohomes.es\/de\/wp-json\/wp\/v2\/users\/1"}],"replies":[{"embeddable":true,"href":"https:\/\/decohomes.es\/de\/wp-json\/wp\/v2\/comments?post=2093"}],"version-history":[{"count":19,"href":"https:\/\/decohomes.es\/de\/wp-json\/wp\/v2\/pages\/2093\/revisions"}],"predecessor-version":[{"id":2474,"href":"https:\/\/decohomes.es\/de\/wp-json\/wp\/v2\/pages\/2093\/revisions\/2474"}],"wp:attachment":[{"href":"https:\/\/decohomes.es\/de\/wp-json\/wp\/v2\/media?parent=2093"}],"curies":[{"name":"wp","href":"https:\/\/api.w.org\/{rel}","templated":true}]}}