{"id":2213,"date":"2024-07-26T09:46:36","date_gmt":"2024-07-26T09:46:36","guid":{"rendered":"https:\/\/decohomes.es\/aviso-legal\/"},"modified":"2024-09-23T17:01:43","modified_gmt":"2024-09-23T17:01:43","slug":"rechtlicher-hinweis","status":"publish","type":"page","link":"https:\/\/decohomes.es\/de\/rechtlicher-hinweis\/","title":{"rendered":"Rechtlicher Hinweis"},"content":{"rendered":"\t\t<div data-elementor-type=\"wp-page\" data-elementor-id=\"2213\" class=\"elementor elementor-2213 elementor-863\" data-elementor-post-type=\"page\">\n\t\t\t\t<div class=\"elementor-element elementor-element-c1b6939 e-flex e-con-boxed e-con e-parent\" data-id=\"c1b6939\" data-element_type=\"container\" data-settings=\"{&quot;jet_parallax_layout_list&quot;:[]}\">\n\t\t\t\t\t<div class=\"e-con-inner\">\n\t\t\t\t<div class=\"elementor-element elementor-element-7f7c217 elementor-widget elementor-widget-image\" data-id=\"7f7c217\" data-element_type=\"widget\" data-widget_type=\"image.default\">\n\t\t\t\t<div class=\"elementor-widget-container\">\n\t\t\t\t\t\t\t\t\t\t\t\t\t\t\t<img fetchpriority=\"high\" decoding=\"async\" width=\"1024\" height=\"576\" src=\"https:\/\/decohomes.es\/wp-content\/uploads\/2024\/09\/fondo-1-1024x576.jpg\" class=\"attachment-large size-large wp-image-2407\" alt=\"\" srcset=\"https:\/\/decohomes.es\/wp-content\/uploads\/2024\/09\/fondo-1-1024x576.jpg 1024w, https:\/\/decohomes.es\/wp-content\/uploads\/2024\/09\/fondo-1-300x169.jpg 300w, https:\/\/decohomes.es\/wp-content\/uploads\/2024\/09\/fondo-1-768x432.jpg 768w, https:\/\/decohomes.es\/wp-content\/uploads\/2024\/09\/fondo-1-1536x864.jpg 1536w, https:\/\/decohomes.es\/wp-content\/uploads\/2024\/09\/fondo-1.jpg 1920w\" sizes=\"(max-width: 1024px) 100vw, 1024px\" \/>\t\t\t\t\t\t\t\t\t\t\t\t\t\t\t<\/div>\n\t\t\t\t<\/div>\n\t\t\t\t\t<\/div>\n\t\t\t\t<\/div>\n\t\t<div class=\"elementor-element elementor-element-0360d7a e-flex e-con-boxed e-con e-parent\" data-id=\"0360d7a\" data-element_type=\"container\" data-settings=\"{&quot;jet_parallax_layout_list&quot;:[]}\">\n\t\t\t\t\t<div class=\"e-con-inner\">\n\t\t\t\t<div class=\"elementor-element elementor-element-ede790e elementor-widget elementor-widget-heading\" data-id=\"ede790e\" data-element_type=\"widget\" data-widget_type=\"heading.default\">\n\t\t\t\t<div class=\"elementor-widget-container\">\n\t\t\t\t\t<h2 class=\"elementor-heading-title elementor-size-default\">Rechtlicher Hinweis<\/h2>\t\t\t\t<\/div>\n\t\t\t\t<\/div>\n\t\t\t\t<div class=\"elementor-element elementor-element-8701b18 elementor-widget elementor-widget-text-editor\" data-id=\"8701b18\" data-element_type=\"widget\" data-widget_type=\"text-editor.default\">\n\t\t\t\t<div class=\"elementor-widget-container\">\n\t\t\t\t\t\t\t\t\t<div class=\"elementor-element elementor-element-721d967 elementor-widget elementor-widget-text-editor\" data-id=\"721d967\" data-element_type=\"widget\" data-widget_type=\"text-editor.default\"><div class=\"elementor-widget-container\"><p>In \u00dcbereinstimmung mit dem Gesetz 34\/2002 vom 11. Juli \u00fcber Dienstleistungen der Informationsgesellschaft und des elektronischen Handels (LSSI-CE) informiert <strong>Decohome Textil S.L.<\/strong>\u00a0dass sie Eigent\u00fcmerin der Website <strong><a href=\"http:\/\/www.decohomes.es\" target=\"_new\" rel=\"noopener\">www.decohomes.es<\/a><\/strong> ist.<\/p><p>\u00a0<\/p><p><strong>Informationen zum Inhaber der Website<\/strong><\/p><p>Identit\u00e4t: Decohome Textil S.L.<br \/>CIF: B87835500<br \/>Postanschrift: Calle Libertad, 1<br \/>45350 Noblejas, Toledo<br \/>Telefon: (+34) 688 19 85 48<br \/>E-Mail: <strong><a href=\"mailto:comercial@decohomes.es\" rel=\"noopener\">comercial@decohomes.es<\/a><\/strong>.<\/p><p>\u00a0<\/p><p><strong>Geistiges Eigentum und gewerbliche Schutzrechte<\/strong><\/p><p>Das Design des Portals und dessen Quellcode sowie die darauf erscheinenden Logos, Marken und anderen unterscheidungskr\u00e4ftigen Merkmale geh\u00f6ren Decohome Textil S.L. und sind durch die entsprechenden Rechte des geistigen und gewerblichen Eigentums gesch\u00fctzt.<\/p><p>\u00a0<\/p><p><strong>Inhaltliche Verantwortung<\/strong><\/p><p>Decohome Textil S.L. ist nicht f\u00fcr die Rechtm\u00e4\u00dfigkeit von Dritt-Websites verantwortlich, \u00fcber die auf das Portal zugegriffen werden kann.<\/p><p>Ebenso haftet sie nicht f\u00fcr die Rechtm\u00e4\u00dfigkeit von Dritt-Websites, die mit diesem Portal verlinkt sind.<\/p><p>Decohome Textil S.L. \u00fcbernimmt keine Haftung f\u00fcr die Nutzung der im Portal ver\u00f6ffentlichten Informationen durch Dritte oder f\u00fcr Sch\u00e4den oder wirtschaftliche Verluste, die direkt oder indirekt durch die Nutzung dieser Informationen verursacht werden oder verursacht werden k\u00f6nnen.<\/p><p>\u00a0<\/p><p><strong>Reproduktion von Inhalten<\/strong><\/p><p>Gem\u00e4\u00df den Bestimmungen des Urheberrechtsgesetzes ist die Reproduktion, Verbreitung und \u00f6ffentliche Wiedergabe des gesamten Inhalts oder von Teilen dieser Website zu kommerziellen Zwecken auf jedem Medium und mit jeder technischen Methode ohne die Genehmigung von Decohome Textil S.L. ausdr\u00fccklich untersagt.<\/p><p>\u00a0<\/p><p><strong>Anwendbares Recht<\/strong><\/p><p>Decohome Textil S.L. beh\u00e4lt sich das Recht vor, zivil- oder strafrechtliche Schritte einzuleiten, die sie f\u00fcr notwendig erachtet, um die missbr\u00e4uchliche Nutzung der Website und ihrer Inhalte oder die Nichteinhaltung der vorliegenden Bedingungen zu verfolgen.<\/p><p>Die Beziehung zwischen dem Nutzer und Decohome Textil S.L. unterliegt den geltenden gesetzlichen Bestimmungen im nationalen Hoheitsgebiet. Bei Streitigkeiten \u00fcber die Auslegung und\/oder Anwendung dieser Bedingungen unterwerfen sich die Parteien der ordentlichen Gerichtsbarkeit und den zust\u00e4ndigen Gerichten gem\u00e4\u00df geltendem Recht.<\/p><p>Ebenso informieren wir Sie dar\u00fcber, dass Ihnen ein au\u00dfergerichtliches Streitbeilegungsverfahren zur Verf\u00fcgung steht, das kostenlos und f\u00fcr alle B\u00fcrger zug\u00e4nglich ist. Es handelt sich um die Plattform zur Online-Streitbeilegung der Europ\u00e4ischen Union, die \u00fcber den folgenden Link zug\u00e4nglich ist: <strong><a href=\"https:\/\/ec.europa.eu\/consumers\/odr\/main\/?event=main.home2.show\" target=\"_new\" rel=\"noopener\">https:\/\/ec.europa.eu\/consumers\/odr\/main\/?event=main.home2.show<\/a><\/strong>.<\/p><p>\u00a0<\/p><p><strong>Cookies<\/strong><\/p><p>Sollte auf der Website Cookie-Technologie verwendet werden, gibt es einen speziellen Abschnitt, der Sie \u00fcber deren Existenz und Nutzungsrichtlinien informiert. Weitere Informationen finden Sie im Abschnitt &#8222;Cookie-Richtlinie&#8220;.<\/p><p>Andernfalls werden keine Navigations-Cookies verwendet.<\/p><p>\u00a0<\/p><p><strong>Personenbezogene Daten von Minderj\u00e4hrigen<\/strong><\/p><p>Diese Website richtet sich nicht an minderj\u00e4hrige Nutzer. Wenn Sie minderj\u00e4hrig sind, versuchen Sie bitte nicht, sich als Nutzer zu registrieren. Sollten wir versehentlich personenbezogene Daten eines Minderj\u00e4hrigen erfasst haben, werden wir diese so schnell wie m\u00f6glich l\u00f6schen.<\/p><p>\u00a0<\/p><p><strong>Aus\u00fcbung der Datenschutzrechte<\/strong><\/p><p>Gem\u00e4\u00df den geltenden Vorschriften zum Schutz personenbezogener Daten hat der Nutzer das Recht, auf seine Daten zuzugreifen, diese zu berichtigen, die Verarbeitung zu beschr\u00e4nken, die L\u00f6schung, \u00dcbertragbarkeit und den Widerspruch gegen die Verarbeitung zu verlangen, indem er sein Anliegen an die angegebene Postadresse oder per E-Mail an<strong><a href=\"mailto:comercial@decohomes.es\" rel=\"noopener\"> comercial@decohomes.es<\/a><\/strong> sendet.<\/p><p>Zur Aus\u00fcbung der Rechte ist es erforderlich, sich durch Vorlage des Personalausweises zu identifizieren.<\/p><p>F\u00fcr Beschwerden k\u00f6nnen Sie sich an dieselbe E-Mail-Adresse wenden. Ebenso k\u00f6nnen Sie sich an die Spanische Datenschutzbeh\u00f6rde (Agencia Espa\u00f1ola de Protecci\u00f3n de Datos) wenden: <strong><a href=\"http:\/\/www.aepd.es\" target=\"_new\" rel=\"noopener\">www.aepd.es<\/a><\/strong>.<\/p><p>\u00a0<\/p><\/div><\/div>\t\t\t\t\t\t\t\t<\/div>\n\t\t\t\t<\/div>\n\t\t\t\t\t<\/div>\n\t\t\t\t<\/div>\n\t\t\t\t<\/div>\n\t\t","protected":false},"excerpt":{"rendered":"<p>In \u00dcbereinstimmung mit dem Gesetz 34\/2002 vom 11. Juli \u00fcber Dienstleistungen der Informationsgesellschaft und des elektronischen Handels (LSSI-CE) informiert Decohome Textil S.L.\u00a0dass sie Eigent\u00fcmerin der Website www.decohomes.es ist. \u00a0 Informationen zum Inhaber der Website Identit\u00e4t: Decohome Textil S.L.CIF: B87835500Postanschrift: Calle Libertad, 145350 Noblejas, ToledoTelefon: (+34) 688 19 85 48E-Mail: comercial@decohomes.es. \u00a0 Geistiges Eigentum und gewerbliche [&hellip;]<\/p>\n","protected":false},"author":1,"featured_media":0,"parent":0,"menu_order":0,"comment_status":"closed","ping_status":"closed","template":"elementor_header_footer","meta":{"_acf_changed":false,"footnotes":""},"class_list":["post-2213","page","type-page","status-publish","hentry"],"acf":[],"_links":{"self":[{"href":"https:\/\/decohomes.es\/de\/wp-json\/wp\/v2\/pages\/2213","targetHints":{"allow":["GET"]}}],"collection":[{"href":"https:\/\/decohomes.es\/de\/wp-json\/wp\/v2\/pages"}],"about":[{"href":"https:\/\/decohomes.es\/de\/wp-json\/wp\/v2\/types\/page"}],"author":[{"embeddable":true,"href":"https:\/\/decohomes.es\/de\/wp-json\/wp\/v2\/users\/1"}],"replies":[{"embeddable":true,"href":"https:\/\/decohomes.es\/de\/wp-json\/wp\/v2\/comments?post=2213"}],"version-history":[{"count":10,"href":"https:\/\/decohomes.es\/de\/wp-json\/wp\/v2\/pages\/2213\/revisions"}],"predecessor-version":[{"id":2419,"href":"https:\/\/decohomes.es\/de\/wp-json\/wp\/v2\/pages\/2213\/revisions\/2419"}],"wp:attachment":[{"href":"https:\/\/decohomes.es\/de\/wp-json\/wp\/v2\/media?parent=2213"}],"curies":[{"name":"wp","href":"https:\/\/api.w.org\/{rel}","templated":true}]}}