{"id":2219,"date":"2024-07-26T08:58:27","date_gmt":"2024-07-26T08:58:27","guid":{"rendered":"https:\/\/decohomes.es\/politica-de-privacidad\/"},"modified":"2024-09-23T17:03:52","modified_gmt":"2024-09-23T17:03:52","slug":"datenschutzerklarung","status":"publish","type":"page","link":"https:\/\/decohomes.es\/de\/datenschutzerklarung\/","title":{"rendered":"Datenschutzerkl\u00e4rung"},"content":{"rendered":"\t\t<div data-elementor-type=\"wp-page\" data-elementor-id=\"2219\" class=\"elementor elementor-2219 elementor-805\" data-elementor-post-type=\"page\">\n\t\t\t\t<div class=\"elementor-element elementor-element-c1b6939 e-flex e-con-boxed e-con e-parent\" data-id=\"c1b6939\" data-element_type=\"container\" data-settings=\"{&quot;jet_parallax_layout_list&quot;:[]}\">\n\t\t\t\t\t<div class=\"e-con-inner\">\n\t\t\t\t<div class=\"elementor-element elementor-element-7f7c217 elementor-widget elementor-widget-image\" data-id=\"7f7c217\" data-element_type=\"widget\" data-widget_type=\"image.default\">\n\t\t\t\t<div class=\"elementor-widget-container\">\n\t\t\t\t\t\t\t\t\t\t\t\t\t\t\t<img fetchpriority=\"high\" decoding=\"async\" width=\"1024\" height=\"449\" src=\"https:\/\/decohomes.es\/wp-content\/uploads\/2024\/07\/A06-1024x449.jpg\" class=\"attachment-large size-large wp-image-1960\" alt=\"\" srcset=\"https:\/\/decohomes.es\/wp-content\/uploads\/2024\/07\/A06-1024x449.jpg 1024w, https:\/\/decohomes.es\/wp-content\/uploads\/2024\/07\/A06-300x132.jpg 300w, https:\/\/decohomes.es\/wp-content\/uploads\/2024\/07\/A06-768x337.jpg 768w, https:\/\/decohomes.es\/wp-content\/uploads\/2024\/07\/A06-1536x674.jpg 1536w, https:\/\/decohomes.es\/wp-content\/uploads\/2024\/07\/A06.jpg 1600w\" sizes=\"(max-width: 1024px) 100vw, 1024px\" \/>\t\t\t\t\t\t\t\t\t\t\t\t\t\t\t<\/div>\n\t\t\t\t<\/div>\n\t\t\t\t\t<\/div>\n\t\t\t\t<\/div>\n\t\t<div class=\"elementor-element elementor-element-0360d7a e-flex e-con-boxed e-con e-parent\" data-id=\"0360d7a\" data-element_type=\"container\" data-settings=\"{&quot;jet_parallax_layout_list&quot;:[]}\">\n\t\t\t\t\t<div class=\"e-con-inner\">\n\t\t\t\t<div class=\"elementor-element elementor-element-ede790e elementor-widget elementor-widget-heading\" data-id=\"ede790e\" data-element_type=\"widget\" data-widget_type=\"heading.default\">\n\t\t\t\t<div class=\"elementor-widget-container\">\n\t\t\t\t\t<h2 class=\"elementor-heading-title elementor-size-default\">Datenschutzerkl\u00e4rung<\/h2>\t\t\t\t<\/div>\n\t\t\t\t<\/div>\n\t\t\t\t<div class=\"elementor-element elementor-element-c775f0b elementor-widget elementor-widget-text-editor\" data-id=\"c775f0b\" data-element_type=\"widget\" data-widget_type=\"text-editor.default\">\n\t\t\t\t<div class=\"elementor-widget-container\">\n\t\t\t\t\t\t\t\t\t<div class=\"elementor-element elementor-element-721d967 elementor-widget elementor-widget-text-editor\" data-id=\"721d967\" data-element_type=\"widget\" data-widget_type=\"text-editor.default\"><div class=\"elementor-widget-container\"><p><strong>Decohome Textil S.L.<\/strong> ist Inhaber der Website <strong><a href=\"http:\/\/www.decohomes.es\" target=\"_new\" rel=\"noopener\">www.decohomes.es<\/a><\/strong> und verantwortlich f\u00fcr die Verarbeitung der von den Nutzern \u00fcber diese Website bereitgestellten personenbezogenen Daten.<\/p><p>Nachfolgend informieren wir \u00fcber die Bestimmungen zum Schutz personenbezogener Daten und gehen davon aus, dass diese vom Nutzer gelesen und verstanden wurden, wenn er uns seine pers\u00f6nlichen Informationen zur Verf\u00fcgung stellt und diese Website nutzt.<\/p><p>\u00a0<\/p><p><strong>Informationen zum Inhaber der Website<\/strong><\/p><p>Identit\u00e4t: Decohome Textil S.L.<br \/>CIF: B87835500<br \/>Postanschrift: Calle Libertad, 1<br \/>45350 Noblejas, Toledo<br \/>Telefon: (+34) 688 19 85 48<br \/>E-Mail: <strong><a href=\"mailto:comercial@decohomes.es\" target=\"_blank\" rel=\"noopener\">comercial@decohomes.es<\/a><\/strong>.<\/p><p>\u00a0<\/p><p><strong>Datenschutzbeauftragter<\/strong><\/p><p>Der Inhaber ist verantwortlich f\u00fcr die \u00fcber die Navigation und Nutzung dieser Website erhobenen personenbezogenen Daten gem\u00e4\u00df den Anforderungen der <strong>VERORDNUNG (EU) 2016\/679<\/strong> zum Schutz nat\u00fcrlicher Personen sowie gem\u00e4\u00df dem Gesetz 34\/2002 vom 11. Juli \u00fcber Dienste der Informationsgesellschaft und elektronischen Handel (LSSI-CE).<\/p><p>Durch die Nutzung dieser Website gehen wir davon aus, dass Sie die Informationen \u00fcber die Verarbeitung Ihrer personenbezogenen Daten gelesen und verstanden haben.<\/p><p>\u00a0<\/p><p><strong>Datenschutzrichtlinie<\/strong><\/p><p>Der Verantwortliche wendet das Prinzip der aktiven Verantwortung bei der Verarbeitung personenbezogener Daten an, indem er das Datenschutzsystem kontinuierlich aktualisiert und verbessert, um den gesetzlichen Anforderungen zu entsprechen. Dabei wird stets garantiert:<\/p><ul><li>Der Respekt vor den Freiheiten und Grundrechten nat\u00fcrlicher Personen.<\/li><li>Dass die Daten auf rechtm\u00e4\u00dfige, faire und transparente Weise verarbeitet werden.<\/li><li>Dass die verarbeiteten Daten genau, angemessen, relevant und im Verh\u00e4ltnis zu den Zwecken, f\u00fcr die sie erhoben werden, begrenzt sind.<\/li><li>Dass die Zwecke, f\u00fcr die die Daten erhoben werden, ausdr\u00fccklich und legitim sind und nicht in einer Weise verarbeitet werden, die mit diesen Zwecken unvereinbar ist.<\/li><\/ul><p>Zweck dieses Dokuments ist es, die Nutzer dar\u00fcber zu informieren, was mit ihren personenbezogenen Daten geschieht, wie sie erhoben werden, wof\u00fcr sie verwendet werden, welche Rechte sie haben und alle rechtlich erforderlichen Informationen bereitzustellen.<\/p><p>\u00a0<\/p><p><strong>Erhobene Daten, Zweck und Rechtm\u00e4\u00dfigkeit<\/strong><\/p><p>Die verarbeiteten personenbezogenen Daten sind diejenigen, die von den Nutzern \u00fcber die auf dieser Website verf\u00fcgbaren Formulare bereitgestellt werden und die minimalen Anforderungen erf\u00fcllen, um:<\/p><ul><li>Ihnen Informationen \u00fcber unsere Dienstleistungen zu senden.<\/li><li>Anfragen zu beantworten.<\/li><\/ul><p>Diese Zwecke basieren auf den gesetzlichen Grunds\u00e4tzen der Datenverarbeitung gem\u00e4\u00df den geltenden Vorschriften: zur Erf\u00fcllung eines Vertrags oder zur Erbringung einer Dienstleistung f\u00fcr die Nutzer, zur Erf\u00fcllung gesetzlicher Pflichten, aus berechtigtem Interesse und mit der Zustimmung der Nutzer.<\/p><p>\u00a0<\/p><p><strong>Webformulare<\/strong><\/p><p>Die \u00fcber das Kontaktformular erhobenen personenbezogenen Daten werden verwendet, um Anfragen, die der Nutzer dar\u00fcber stellt, zu beantworten.<\/p><p>Die Verarbeitung der Daten ist durch die ausdr\u00fcckliche Zustimmung legitimiert, die Sie uns durch die Annahme der in dieser Datenschutzrichtlinie angegebenen Bedingungen zur Datenverarbeitung erteilen.<\/p><p>\u00a0<\/p><p><strong>Empf\u00e4nger der Daten<\/strong><\/p><p>Die \u00fcber die Webformulare erhobenen personenbezogenen Daten werden auf elektronischen Speichermedien registriert und \u00fcberwacht, die vom Verantwortlichen f\u00fcr die Datenverarbeitung kontrolliert werden.<\/p><p>Ihre personenbezogenen Daten werden nicht an Dritte weitergegeben.<\/p><p>Weitere Informationen zur Verarbeitung personenbezogener Daten in unserer Organisation k\u00f6nnen Sie unter der E-Mail-Adresse <strong><a href=\"mailto:comercial@decohomes.es\" target=\"_blank\" rel=\"noopener\">comercial@decohomes.es<\/a><\/strong> anfordern.<\/p><p>\u00a0<\/p><p><strong>Technische und organisatorische Datenschutzma\u00dfnahmen<\/strong><\/p><p>Die Speichermedien verf\u00fcgen \u00fcber die erforderlichen technischen und organisatorischen Ma\u00dfnahmen, um die Vertraulichkeit und die Aufbewahrung der \u00fcber die Website erhobenen personenbezogenen Daten zu gew\u00e4hrleisten.<\/p><p>Die \u00fcber die Website erhobenen personenbezogenen Daten werden \u00fcber das HTML-Protokoll mit einem g\u00fcltigen SSL-Zertifikat verarbeitet.<\/p><p>Das Personal, das an den Datenverarbeitungsoperationen beteiligt ist (Zugriff, Bearbeitung, L\u00f6schung usw.), ist geschult und verpflichtet, diese Datenschutzrichtlinie einzuhalten.<\/p><p>\u00a0<\/p><p><strong>Aufbewahrung der Daten<\/strong><\/p><p>Die \u00fcber das Kontaktformular erhobenen personenbezogenen Daten werden so lange aufbewahrt, wie es erforderlich ist, um die gestellte Anfrage zu bearbeiten.<\/p><p>\u00a0<\/p><p><strong>Widerspruch gegen die Verarbeitung der Daten zu Werbezwecken<\/strong><\/p><p>Wenn Sie Ihre Zustimmung zur Verwendung Ihrer Daten zu Werbezwecken gegeben haben und keine Werbung mehr erhalten m\u00f6chten, k\u00f6nnen Sie die erteilte Zustimmung jederzeit widerrufen, indem Sie eine E-Mail an die folgende Adresse senden: <strong><a href=\"mailto:comercial@decohomes.es\" target=\"_blank\" rel=\"noopener\">comercial@decohomes.es<\/a><\/strong>.<\/p><p>\u00a0<\/p><p><strong>\u00c4nderungen an der Datenschutzrichtlinie<\/strong><\/p><p>Es ist m\u00f6glich, dass wir die in dieser Datenschutz- und Cookie-Richtlinie enthaltenen Informationen \u00e4ndern, wenn wir dies f\u00fcr angemessen halten. Sollte dies der Fall sein, werden wir Sie \u00fcber verschiedene Kan\u00e4le auf der Plattform informieren (z. B. durch ein Banner, ein Pop-up oder eine Push-Benachrichtigung) oder Ihnen eine E-Mail senden, wenn die \u00c4nderung f\u00fcr Ihre Privatsph\u00e4re von Bedeutung ist, damit Sie die \u00c4nderungen \u00fcberpr\u00fcfen, bewerten und gegebenenfalls widersprechen oder sich von einem Dienst oder einer Funktion abmelden k\u00f6nnen. In jedem Fall empfehlen wir Ihnen, diese Datenschutz- und Cookie-Richtlinie von Zeit zu Zeit zu \u00fcberpr\u00fcfen, falls es geringf\u00fcgige \u00c4nderungen gibt oder wir interaktive Verbesserungen einf\u00fchren.<\/p><p>\u00a0<\/p><p><strong>Aus\u00fcbung von Rechten<\/strong><\/p><p>Die Nutzer k\u00f6nnen jederzeit ihre Rechte auf Berichtigung unrichtiger Daten, L\u00f6schung oder Recht auf Vergessenwerden, Widerspruch gegen die Verarbeitung aus Gr\u00fcnden, die sich auf ihre besondere Situation beziehen, sowie auf Einschr\u00e4nkung der Verarbeitung und Daten\u00fcbertragbarkeit unter den im DSGVO festgelegten Bedingungen aus\u00fcben.<\/p><p>Die Rechte k\u00f6nnen \u00fcber die folgenden Kan\u00e4le ausge\u00fcbt werden:<\/p><ul><li>Schriftliche Mitteilung an Decohome Textil S.L, Calle Libertad, 1 \u2013 45350 Noblejas, Toledo.<\/li><li>E-Mail an <strong><a href=\"mailto:comercial@decohomes.es\" target=\"_blank\" rel=\"noopener\">comercial@decohomes.es<\/a><\/strong>, mit dem Betreff \u201eAntrag auf DSGVO-Rechte\u201c.<\/li><\/ul><p>Wir erinnern Sie auch daran, dass Sie jederzeit das Recht haben, eine Beschwerde bei der Spanischen Datenschutzbeh\u00f6rde oder der zust\u00e4ndigen Aufsichtsbeh\u00f6rde einzureichen.<\/p><p>\u00a0<\/p><p><strong>Ver\u00f6ffentlichungsdatum<\/strong><\/p><p>Diese Datenschutz- und Datenschutzrichtlinie wurde am 26. Juli 2024 ver\u00f6ffentlicht.<\/p><p>\u00a0<\/p><\/div><\/div>\t\t\t\t\t\t\t\t<\/div>\n\t\t\t\t<\/div>\n\t\t\t\t\t<\/div>\n\t\t\t\t<\/div>\n\t\t\t\t<\/div>\n\t\t","protected":false},"excerpt":{"rendered":"<p>Decohome Textil S.L. ist Inhaber der Website www.decohomes.es und verantwortlich f\u00fcr die Verarbeitung der von den Nutzern \u00fcber diese Website bereitgestellten personenbezogenen Daten. Nachfolgend informieren wir \u00fcber die Bestimmungen zum Schutz personenbezogener Daten und gehen davon aus, dass diese vom Nutzer gelesen und verstanden wurden, wenn er uns seine pers\u00f6nlichen Informationen zur Verf\u00fcgung stellt und [&hellip;]<\/p>\n","protected":false},"author":1,"featured_media":0,"parent":0,"menu_order":0,"comment_status":"closed","ping_status":"closed","template":"elementor_header_footer","meta":{"_acf_changed":false,"footnotes":""},"class_list":["post-2219","page","type-page","status-publish","hentry"],"acf":[],"_links":{"self":[{"href":"https:\/\/decohomes.es\/de\/wp-json\/wp\/v2\/pages\/2219","targetHints":{"allow":["GET"]}}],"collection":[{"href":"https:\/\/decohomes.es\/de\/wp-json\/wp\/v2\/pages"}],"about":[{"href":"https:\/\/decohomes.es\/de\/wp-json\/wp\/v2\/types\/page"}],"author":[{"embeddable":true,"href":"https:\/\/decohomes.es\/de\/wp-json\/wp\/v2\/users\/1"}],"replies":[{"embeddable":true,"href":"https:\/\/decohomes.es\/de\/wp-json\/wp\/v2\/comments?post=2219"}],"version-history":[{"count":7,"href":"https:\/\/decohomes.es\/de\/wp-json\/wp\/v2\/pages\/2219\/revisions"}],"predecessor-version":[{"id":2446,"href":"https:\/\/decohomes.es\/de\/wp-json\/wp\/v2\/pages\/2219\/revisions\/2446"}],"wp:attachment":[{"href":"https:\/\/decohomes.es\/de\/wp-json\/wp\/v2\/media?parent=2219"}],"curies":[{"name":"wp","href":"https:\/\/api.w.org\/{rel}","templated":true}]}}