{"id":2073,"date":"2018-09-03T09:19:33","date_gmt":"2018-09-03T09:19:33","guid":{"rendered":"https:\/\/decohomes.es\/inicio\/"},"modified":"2024-09-18T09:13:27","modified_gmt":"2024-09-18T09:13:27","slug":"inicio","status":"publish","type":"page","link":"https:\/\/decohomes.es\/fr\/","title":{"rendered":"Accueil"},"content":{"rendered":"\t\t<div data-elementor-type=\"wp-post\" data-elementor-id=\"2073\" class=\"elementor elementor-2073 elementor-7\" data-elementor-post-type=\"page\">\n\t\t\t\t\t\t<section class=\"elementor-section elementor-top-section elementor-element elementor-element-52d8e53 elementor-section-boxed elementor-section-height-default elementor-section-height-default\" data-id=\"52d8e53\" data-element_type=\"section\" data-settings=\"{&quot;jet_parallax_layout_list&quot;:[{&quot;jet_parallax_layout_image&quot;:{&quot;url&quot;:&quot;&quot;,&quot;id&quot;:&quot;&quot;,&quot;size&quot;:&quot;&quot;},&quot;_id&quot;:&quot;f8b10f2&quot;,&quot;jet_parallax_layout_speed&quot;:{&quot;unit&quot;:&quot;%&quot;,&quot;size&quot;:&quot;50&quot;,&quot;sizes&quot;:[]},&quot;jet_parallax_layout_bg_x&quot;:&quot;50&quot;,&quot;jet_parallax_layout_bg_y&quot;:&quot;50&quot;,&quot;jet_parallax_layout_image_tablet&quot;:{&quot;url&quot;:&quot;&quot;,&quot;id&quot;:&quot;&quot;,&quot;size&quot;:&quot;&quot;},&quot;jet_parallax_layout_image_mobile&quot;:{&quot;url&quot;:&quot;&quot;,&quot;id&quot;:&quot;&quot;,&quot;size&quot;:&quot;&quot;},&quot;jet_parallax_layout_type&quot;:&quot;scroll&quot;,&quot;jet_parallax_layout_direction&quot;:null,&quot;jet_parallax_layout_fx_direction&quot;:null,&quot;jet_parallax_layout_z_index&quot;:&quot;&quot;,&quot;jet_parallax_layout_bg_x_tablet&quot;:&quot;&quot;,&quot;jet_parallax_layout_bg_x_mobile&quot;:&quot;&quot;,&quot;jet_parallax_layout_bg_y_tablet&quot;:&quot;&quot;,&quot;jet_parallax_layout_bg_y_mobile&quot;:&quot;&quot;,&quot;jet_parallax_layout_bg_size&quot;:&quot;auto&quot;,&quot;jet_parallax_layout_bg_size_tablet&quot;:&quot;&quot;,&quot;jet_parallax_layout_bg_size_mobile&quot;:&quot;&quot;,&quot;jet_parallax_layout_animation_prop&quot;:&quot;transform&quot;,&quot;jet_parallax_layout_on&quot;:[&quot;desktop&quot;,&quot;tablet&quot;]}]}\">\n\t\t\t\t\t\t<div class=\"elementor-container elementor-column-gap-default\">\n\t\t\t\t\t<div class=\"elementor-column elementor-col-100 elementor-top-column elementor-element elementor-element-70eaf39\" data-id=\"70eaf39\" data-element_type=\"column\">\n\t\t\t<div class=\"elementor-widget-wrap elementor-element-populated\">\n\t\t\t\t\t\t<div class=\"elementor-element elementor-element-2ed0f3b elementor-widget elementor-widget-spacer\" data-id=\"2ed0f3b\" data-element_type=\"widget\" data-widget_type=\"spacer.default\">\n\t\t\t\t<div class=\"elementor-widget-container\">\n\t\t\t\t\t\t\t<div class=\"elementor-spacer\">\n\t\t\t<div class=\"elementor-spacer-inner\"><\/div>\n\t\t<\/div>\n\t\t\t\t\t\t<\/div>\n\t\t\t\t<\/div>\n\t\t\t\t\t<\/div>\n\t\t<\/div>\n\t\t\t\t\t<\/div>\n\t\t<\/section>\n\t\t\t\t<section class=\"elementor-section elementor-top-section elementor-element elementor-element-e42bcb1 elementor-section-boxed elementor-section-height-default elementor-section-height-default\" data-id=\"e42bcb1\" data-element_type=\"section\" data-settings=\"{&quot;jet_parallax_layout_list&quot;:[{&quot;jet_parallax_layout_image&quot;:{&quot;url&quot;:&quot;&quot;,&quot;id&quot;:&quot;&quot;,&quot;size&quot;:&quot;&quot;},&quot;_id&quot;:&quot;afd2b07&quot;,&quot;jet_parallax_layout_speed&quot;:{&quot;unit&quot;:&quot;%&quot;,&quot;size&quot;:&quot;50&quot;,&quot;sizes&quot;:[]},&quot;jet_parallax_layout_bg_x&quot;:&quot;50&quot;,&quot;jet_parallax_layout_bg_y&quot;:&quot;50&quot;,&quot;jet_parallax_layout_image_tablet&quot;:{&quot;url&quot;:&quot;&quot;,&quot;id&quot;:&quot;&quot;,&quot;size&quot;:&quot;&quot;},&quot;jet_parallax_layout_image_mobile&quot;:{&quot;url&quot;:&quot;&quot;,&quot;id&quot;:&quot;&quot;,&quot;size&quot;:&quot;&quot;},&quot;jet_parallax_layout_type&quot;:&quot;scroll&quot;,&quot;jet_parallax_layout_direction&quot;:null,&quot;jet_parallax_layout_fx_direction&quot;:null,&quot;jet_parallax_layout_z_index&quot;:&quot;&quot;,&quot;jet_parallax_layout_bg_x_tablet&quot;:&quot;&quot;,&quot;jet_parallax_layout_bg_x_mobile&quot;:&quot;&quot;,&quot;jet_parallax_layout_bg_y_tablet&quot;:&quot;&quot;,&quot;jet_parallax_layout_bg_y_mobile&quot;:&quot;&quot;,&quot;jet_parallax_layout_bg_size&quot;:&quot;auto&quot;,&quot;jet_parallax_layout_bg_size_tablet&quot;:&quot;&quot;,&quot;jet_parallax_layout_bg_size_mobile&quot;:&quot;&quot;,&quot;jet_parallax_layout_animation_prop&quot;:&quot;transform&quot;,&quot;jet_parallax_layout_on&quot;:[&quot;desktop&quot;,&quot;tablet&quot;]}]}\">\n\t\t\t\t\t\t<div class=\"elementor-container elementor-column-gap-default\">\n\t\t\t\t\t<div class=\"elementor-column elementor-col-100 elementor-top-column elementor-element elementor-element-09daeb7\" data-id=\"09daeb7\" data-element_type=\"column\">\n\t\t\t<div class=\"elementor-widget-wrap elementor-element-populated\">\n\t\t\t\t\t\t<div class=\"elementor-element elementor-element-8bb42dd elementor-widget elementor-widget-heading\" data-id=\"8bb42dd\" data-element_type=\"widget\" data-widget_type=\"heading.default\">\n\t\t\t\t<div class=\"elementor-widget-container\">\n\t\t\t\t\t<h1 class=\"elementor-heading-title elementor-size-default\">TEXTILES POUR LA MAISON, LE JARDIN &amp; LA PLAGE<\/h1>\t\t\t\t<\/div>\n\t\t\t\t<\/div>\n\t\t\t\t<div class=\"elementor-element elementor-element-1918236 elementor-widget elementor-widget-text-editor\" data-id=\"1918236\" data-element_type=\"widget\" data-widget_type=\"text-editor.default\">\n\t\t\t\t<div class=\"elementor-widget-container\">\n\t\t\t\t\t\t\t\t\t<p>Entrez dans notre maison et d\u00e9couvrez les collections pour chaque saison.<\/p><p>Vous pourrez choisir parmi une large gamme de produits. Design et tendance pour d\u00e9corer votre int\u00e9rieur. Vous cr\u00e9erez des espaces et des coins uniques, et n&rsquo;oubliez pas de profiter du confort en plein air.<\/p><p>Nous vous aidons \u00e0 le r\u00e9aliser.<\/p>\t\t\t\t\t\t\t\t<\/div>\n\t\t\t\t<\/div>\n\t\t\t\t\t<\/div>\n\t\t<\/div>\n\t\t\t\t\t<\/div>\n\t\t<\/section>\n\t\t<div class=\"elementor-element elementor-element-e73eab3 e-flex e-con-boxed e-con e-parent\" data-id=\"e73eab3\" data-element_type=\"container\" data-settings=\"{&quot;jet_parallax_layout_list&quot;:[]}\">\n\t\t\t\t\t<div class=\"e-con-inner\">\n\t\t\t\t<div class=\"elementor-element elementor-element-9b46a88 raven-video-hide-youtube-yes elementor-hidden-desktop elementor-hidden-tablet elementor-hidden-mobile raven-player-style1 elementor-widget elementor-widget-raven-video\" data-id=\"9b46a88\" data-element_type=\"widget\" data-settings=\"{&quot;end_time&quot;:110,&quot;youtube_autoplay&quot;:&quot;yes&quot;,&quot;youtube_loop&quot;:&quot;yes&quot;,&quot;hide_youtube_ui&quot;:&quot;yes&quot;,&quot;video_type&quot;:&quot;youtube&quot;,&quot;progress_bar&quot;:&quot;yes&quot;,&quot;current_time&quot;:&quot;yes&quot;,&quot;fullscreen&quot;:&quot;yes&quot;,&quot;rewind&quot;:&quot;yes&quot;,&quot;fast_forward&quot;:&quot;yes&quot;}\" data-widget_type=\"raven-video.default\">\n\t\t\t\t<div class=\"elementor-widget-container\">\n\t\t\t\t\t\t\t<div class=\"raven-widget-wrapper sticky-close raven-video-mejs-player\">\r\n\t\t\t\r\n\t\t\t\r\n\t\t\t\t\t\t\r\n\t\t\t\t\t<div class=\"raven-video raven-video-inline\">\r\n\t\t\t\t\t\t<iframe class=\"raven-video-mejs-player\" allowfullscreen allow=\"autoplay\" title=\"Lecteur vid\u00e9o youtube\" src=\"https:\/\/www.youtube.com\/embed\/lOhjtkidh7k?feature=oembed&amp;autoplay=0&amp;loop=1&amp;rel=0&amp;controls=0&amp;showinfo=1&amp;mute=0&amp;wmode=opaque&amp;enablejsapi=1&amp;playlist=lOhjtkidh7k\"><\/iframe>\t\t\t\t\t<\/div>\r\n\r\n\t\t\t\t\t<\/div>\r\n\t\t\t\t\t\t<\/div>\n\t\t\t\t<\/div>\n\t\t\t\t<div class=\"elementor-element elementor-element-72ee782 elementor-widget elementor-widget-image\" data-id=\"72ee782\" data-element_type=\"widget\" data-widget_type=\"image.default\">\n\t\t\t\t<div class=\"elementor-widget-container\">\n\t\t\t\t\t\t\t\t\t\t\t\t\t\t\t<img fetchpriority=\"high\" decoding=\"async\" width=\"1240\" height=\"729\" src=\"https:\/\/decohomes.es\/wp-content\/uploads\/2024\/08\/portada.jpg\" class=\"attachment-full size-full wp-image-1981\" alt=\"\" srcset=\"https:\/\/decohomes.es\/wp-content\/uploads\/2024\/08\/portada.jpg 1240w, https:\/\/decohomes.es\/wp-content\/uploads\/2024\/08\/portada-300x176.jpg 300w, https:\/\/decohomes.es\/wp-content\/uploads\/2024\/08\/portada-1024x602.jpg 1024w, https:\/\/decohomes.es\/wp-content\/uploads\/2024\/08\/portada-768x452.jpg 768w\" sizes=\"(max-width: 1240px) 100vw, 1240px\" \/>\t\t\t\t\t\t\t\t\t\t\t\t\t\t\t<\/div>\n\t\t\t\t<\/div>\n\t\t\t\t\t<\/div>\n\t\t\t\t<\/div>\n\t\t<div class=\"elementor-element elementor-element-58ca66b e-flex e-con-boxed e-con e-parent\" data-id=\"58ca66b\" data-element_type=\"container\" data-settings=\"{&quot;jet_parallax_layout_list&quot;:[]}\">\n\t\t\t\t\t<div class=\"e-con-inner\">\n\t\t\t\t<div class=\"elementor-element elementor-element-5ae5cd3 elementor-widget elementor-widget-jet-listing-grid\" data-id=\"5ae5cd3\" data-element_type=\"widget\" data-settings=\"{&quot;columns&quot;:&quot;1&quot;}\" data-widget_type=\"jet-listing-grid.default\">\n\t\t\t\t<div class=\"elementor-widget-container\">\n\t\t\t\t\t<div class=\"jet-listing-grid jet-listing\"><div class=\"jet-listing-grid__items grid-col-desk-1 grid-col-tablet-1 grid-col-mobile-1 jet-listing-grid--581\" data-queried-id=\"2073|WP_Post\" data-nav=\"{&quot;enabled&quot;:false,&quot;type&quot;:null,&quot;more_el&quot;:null,&quot;query&quot;:[],&quot;widget_settings&quot;:{&quot;lisitng_id&quot;:581,&quot;posts_num&quot;:6,&quot;columns&quot;:1,&quot;columns_tablet&quot;:1,&quot;columns_mobile&quot;:1,&quot;column_min_width&quot;:240,&quot;column_min_width_tablet&quot;:240,&quot;column_min_width_mobile&quot;:240,&quot;inline_columns_css&quot;:false,&quot;is_archive_template&quot;:&quot;&quot;,&quot;post_status&quot;:[&quot;publish&quot;],&quot;use_random_posts_num&quot;:&quot;&quot;,&quot;max_posts_num&quot;:9,&quot;not_found_message&quot;:&quot;Aucune donn\\u00e9e n&#039;a \\u00e9t\\u00e9 trouv\\u00e9e&quot;,&quot;is_masonry&quot;:false,&quot;equal_columns_height&quot;:&quot;&quot;,&quot;use_load_more&quot;:&quot;&quot;,&quot;load_more_id&quot;:&quot;&quot;,&quot;load_more_type&quot;:&quot;click&quot;,&quot;load_more_offset&quot;:{&quot;unit&quot;:&quot;px&quot;,&quot;size&quot;:0,&quot;sizes&quot;:[]},&quot;use_custom_post_types&quot;:&quot;&quot;,&quot;custom_post_types&quot;:[],&quot;hide_widget_if&quot;:&quot;&quot;,&quot;carousel_enabled&quot;:&quot;&quot;,&quot;slides_to_scroll&quot;:&quot;1&quot;,&quot;arrows&quot;:&quot;true&quot;,&quot;arrow_icon&quot;:&quot;fa fa-angle-left&quot;,&quot;dots&quot;:&quot;&quot;,&quot;autoplay&quot;:&quot;true&quot;,&quot;pause_on_hover&quot;:&quot;true&quot;,&quot;autoplay_speed&quot;:5000,&quot;infinite&quot;:&quot;true&quot;,&quot;center_mode&quot;:&quot;&quot;,&quot;effect&quot;:&quot;slide&quot;,&quot;speed&quot;:500,&quot;inject_alternative_items&quot;:&quot;yes&quot;,&quot;injection_items&quot;:[{&quot;_id&quot;:&quot;379ba89&quot;,&quot;item&quot;:&quot;584&quot;}],&quot;scroll_slider_enabled&quot;:&quot;&quot;,&quot;scroll_slider_on&quot;:[&quot;desktop&quot;,&quot;tablet&quot;,&quot;mobile&quot;],&quot;custom_query&quot;:false,&quot;custom_query_id&quot;:&quot;&quot;,&quot;_element_id&quot;:&quot;&quot;,&quot;collapse_first_last_gap&quot;:false,&quot;list_items_wrapper_tag&quot;:&quot;div&quot;,&quot;list_item_tag&quot;:&quot;div&quot;,&quot;empty_items_wrapper_tag&quot;:&quot;div&quot;}}\" data-page=\"1\" data-pages=\"1\" data-listing-source=\"terms\" data-listing-id=\"581\" data-query-id=\"\"><div class=\"jet-listing-grid__item jet-listing-dynamic-post-56\" data-post-id=\"56\" >\t\t<div data-elementor-type=\"jet-listing-items\" data-elementor-id=\"581\" class=\"elementor elementor-581\" data-elementor-post-type=\"jet-engine\">\n\t\t\t\t<div data-raven-element-link=\"{&quot;url&quot;:&quot;https:\\\/\\\/decohomes.es\\\/fr\\\/decohome\\\/printemps-ete-2024\\\/&quot;,&quot;is_external&quot;:&quot;&quot;,&quot;nofollow&quot;:&quot;&quot;,&quot;custom_attributes&quot;:&quot;&quot;}\" style=\"cursor: pointer\" class=\"elementor-element elementor-element-e838b1d e-flex e-con-boxed e-con e-parent\" data-id=\"e838b1d\" data-element_type=\"container\" data-settings=\"{&quot;jet_parallax_layout_list&quot;:[]}\">\n\t\t\t\t\t<div class=\"e-con-inner\">\n\t\t<div class=\"elementor-element elementor-element-a553547 e-con-full e-flex e-con e-child\" data-id=\"a553547\" data-element_type=\"container\" data-settings=\"{&quot;jet_parallax_layout_list&quot;:[]}\">\n\t\t\t\t<div class=\"elementor-element elementor-element-48324cd elementor-widget elementor-widget-image\" data-id=\"48324cd\" data-element_type=\"widget\" data-widget_type=\"image.default\">\n\t\t\t\t<div class=\"elementor-widget-container\">\n\t\t\t\t\t\t\t\t\t\t\t\t\t\t\t<img decoding=\"async\" width=\"1536\" height=\"1152\" src=\"https:\/\/decohomes.es\/wp-content\/uploads\/2024\/09\/primavera-verano-24-PORT-1536x1152.jpg\" class=\"attachment-1536x1536 size-1536x1536 wp-image-2061\" alt=\"\" srcset=\"https:\/\/decohomes.es\/wp-content\/uploads\/2024\/09\/primavera-verano-24-PORT-1536x1152.jpg 1536w, https:\/\/decohomes.es\/wp-content\/uploads\/2024\/09\/primavera-verano-24-PORT-300x225.jpg 300w, https:\/\/decohomes.es\/wp-content\/uploads\/2024\/09\/primavera-verano-24-PORT-1024x768.jpg 1024w, https:\/\/decohomes.es\/wp-content\/uploads\/2024\/09\/primavera-verano-24-PORT-768x576.jpg 768w, https:\/\/decohomes.es\/wp-content\/uploads\/2024\/09\/primavera-verano-24-PORT.jpg 1600w\" sizes=\"(max-width: 1536px) 100vw, 1536px\" \/>\t\t\t\t\t\t\t\t\t\t\t\t\t\t\t<\/div>\n\t\t\t\t<\/div>\n\t\t\t\t<\/div>\n\t\t<div class=\"elementor-element elementor-element-643cba8 e-con-full e-flex e-con e-child\" data-id=\"643cba8\" data-element_type=\"container\" data-settings=\"{&quot;jet_parallax_layout_list&quot;:[]}\">\n\t\t\t\t<div class=\"elementor-element elementor-element-51971af elementor-widget elementor-widget-heading\" data-id=\"51971af\" data-element_type=\"widget\" data-widget_type=\"heading.default\">\n\t\t\t\t<div class=\"elementor-widget-container\">\n\t\t\t\t\t<h2 class=\"elementor-heading-title elementor-size-default\">PRINTEMPS &amp; \u00c9T\u00c9 2024<\/h2>\t\t\t\t<\/div>\n\t\t\t\t<\/div>\n\t\t\t\t<div class=\"elementor-element elementor-element-de78c1f elementor-widget elementor-widget-text-editor\" data-id=\"de78c1f\" data-element_type=\"widget\" data-widget_type=\"text-editor.default\">\n\t\t\t\t<div class=\"elementor-widget-container\">\n\t\t\t\t\t\t\t\t\t<p>Accueillez la saison la plus joyeuse de l&rsquo;ann\u00e9e.<br \/>\nAvec l&rsquo;arriv\u00e9e du beau temps, habillez votre maison avec style.<br \/>\nVous trouverez des collections aux designs actuels et vari\u00e9s.<br \/>\nOsez cr\u00e9er votre espace pr\u00e9f\u00e9r\u00e9.<br \/>\nCoordonnez imprim\u00e9s, textures et unis.<br \/>\nVous d\u00e9couvrirez une multitude d&rsquo;options.<\/p>\n<p>&nbsp;<\/p>\n<p>Et maintenant, entrez, profitez du soleil et d\u00e9tendez-vous.<\/p>\n\t\t\t\t\t\t\t\t<\/div>\n\t\t\t\t<\/div>\n\t\t\t\t<\/div>\n\t\t\t\t\t<\/div>\n\t\t\t\t<\/div>\n\t\t\t\t<\/div>\n\t\t<\/div><div class=\"jet-listing-grid__item jet-listing-dynamic-post-55 jet-listing-grid--584\" data-post-id=\"55\" >\t\t<div data-elementor-type=\"jet-listing-items\" data-elementor-id=\"584\" class=\"elementor elementor-584\" data-elementor-post-type=\"jet-engine\">\n\t\t\t\t<div data-raven-element-link=\"{&quot;url&quot;:&quot;https:\\\/\\\/decohomes.es\\\/fr\\\/decohome\\\/automne-hiver-2024-25\\\/&quot;,&quot;is_external&quot;:&quot;&quot;,&quot;nofollow&quot;:&quot;&quot;,&quot;custom_attributes&quot;:&quot;&quot;}\" style=\"cursor: pointer\" class=\"elementor-element elementor-element-643270d e-flex e-con-boxed e-con e-parent\" data-id=\"643270d\" data-element_type=\"container\" data-settings=\"{&quot;jet_parallax_layout_list&quot;:[]}\">\n\t\t\t\t\t<div class=\"e-con-inner\">\n\t\t<div class=\"elementor-element elementor-element-59c4d39 e-con-full e-flex e-con e-child\" data-id=\"59c4d39\" data-element_type=\"container\" data-settings=\"{&quot;jet_parallax_layout_list&quot;:[]}\">\n\t\t\t\t<div class=\"elementor-element elementor-element-9cf903e elementor-widget elementor-widget-heading\" data-id=\"9cf903e\" data-element_type=\"widget\" data-widget_type=\"heading.default\">\n\t\t\t\t<div class=\"elementor-widget-container\">\n\t\t\t\t\t<h2 class=\"elementor-heading-title elementor-size-default\">AUTOMNE &amp; HIVER 2024-25<\/h2>\t\t\t\t<\/div>\n\t\t\t\t<\/div>\n\t\t\t\t<div class=\"elementor-element elementor-element-c8ef501 elementor-widget elementor-widget-text-editor\" data-id=\"c8ef501\" data-element_type=\"widget\" data-widget_type=\"text-editor.default\">\n\t\t\t\t<div class=\"elementor-widget-container\">\n\t\t\t\t\t\t\t\t\t<p>Pr\u00e9parez-vous pour la saison la plus romantique de l&rsquo;ann\u00e9e.<br \/>\nAvec l&rsquo;arriv\u00e9e du froid, les maisons deviennent plus vivantes.<br \/>\nDans nos collections, vous d\u00e9couvrirez chaleur &amp; \u00e9l\u00e9gance.<br \/>\nDes articles pour transformer votre maison en un refuge accueillant.<\/p>\n<p>Une bonne infusion avec une couverture &amp; un canap\u00e9, et profitez&#8230;<\/p>\n\t\t\t\t\t\t\t\t<\/div>\n\t\t\t\t<\/div>\n\t\t\t\t<\/div>\n\t\t<div class=\"elementor-element elementor-element-a2090db e-con-full e-flex e-con e-child\" data-id=\"a2090db\" data-element_type=\"container\" data-settings=\"{&quot;jet_parallax_layout_list&quot;:[]}\">\n\t\t\t\t<div class=\"elementor-element elementor-element-305cdfe elementor-widget elementor-widget-image\" data-id=\"305cdfe\" data-element_type=\"widget\" data-widget_type=\"image.default\">\n\t\t\t\t<div class=\"elementor-widget-container\">\n\t\t\t\t\t\t\t\t\t\t\t\t\t\t\t<img decoding=\"async\" width=\"1536\" height=\"1152\" src=\"https:\/\/decohomes.es\/wp-content\/uploads\/2024\/09\/otono-invierno-24-25-PORT-1536x1152.jpg\" class=\"attachment-1536x1536 size-1536x1536 wp-image-2063\" alt=\"\" srcset=\"https:\/\/decohomes.es\/wp-content\/uploads\/2024\/09\/otono-invierno-24-25-PORT-1536x1152.jpg 1536w, https:\/\/decohomes.es\/wp-content\/uploads\/2024\/09\/otono-invierno-24-25-PORT-300x225.jpg 300w, https:\/\/decohomes.es\/wp-content\/uploads\/2024\/09\/otono-invierno-24-25-PORT-1024x768.jpg 1024w, https:\/\/decohomes.es\/wp-content\/uploads\/2024\/09\/otono-invierno-24-25-PORT-768x576.jpg 768w, https:\/\/decohomes.es\/wp-content\/uploads\/2024\/09\/otono-invierno-24-25-PORT.jpg 1600w\" sizes=\"(max-width: 1536px) 100vw, 1536px\" \/>\t\t\t\t\t\t\t\t\t\t\t\t\t\t\t<\/div>\n\t\t\t\t<\/div>\n\t\t\t\t<\/div>\n\t\t\t\t\t<\/div>\n\t\t\t\t<\/div>\n\t\t\t\t<\/div>\n\t\t<\/div><\/div><\/div>\t\t\t\t<\/div>\n\t\t\t\t<\/div>\n\t\t\t\t\t<\/div>\n\t\t\t\t<\/div>\n\t\t<div class=\"elementor-element elementor-element-c4fcabb e-flex e-con-boxed e-con e-parent\" data-id=\"c4fcabb\" data-element_type=\"container\" data-settings=\"{&quot;jet_parallax_layout_list&quot;:[]}\">\n\t\t\t\t\t<div class=\"e-con-inner\">\n\t\t\t\t<div class=\"elementor-element elementor-element-1cb05ff elementor-widget-divider--view-line elementor-widget elementor-widget-divider\" data-id=\"1cb05ff\" data-element_type=\"widget\" data-widget_type=\"divider.default\">\n\t\t\t\t<div class=\"elementor-widget-container\">\n\t\t\t\t\t\t\t<div class=\"elementor-divider\">\n\t\t\t<span class=\"elementor-divider-separator\">\n\t\t\t\t\t\t<\/span>\n\t\t<\/div>\n\t\t\t\t\t\t<\/div>\n\t\t\t\t<\/div>\n\t\t\t\t<div class=\"elementor-element elementor-element-d121e7b elementor-widget elementor-widget-heading\" data-id=\"d121e7b\" data-element_type=\"widget\" data-widget_type=\"heading.default\">\n\t\t\t\t<div class=\"elementor-widget-container\">\n\t\t\t\t\t<h1 class=\"elementor-heading-title elementor-size-default\">Derni\u00e8res nouvelles DecoHome<\/h1>\t\t\t\t<\/div>\n\t\t\t\t<\/div>\n\t\t\t\t<div class=\"elementor-element elementor-element-ad6c200 elementor-widget elementor-widget-raven-posts\" data-id=\"ad6c200\" data-element_type=\"widget\" data-settings=\"{&quot;query_posts_per_page&quot;:30,&quot;classic_show_pagination&quot;:&quot;yes&quot;,&quot;classic_pagination_type&quot;:&quot;infinite_load&quot;,&quot;classic_columns&quot;:&quot;2&quot;,&quot;_skin&quot;:&quot;classic&quot;,&quot;classic_layout&quot;:&quot;grid&quot;,&quot;classic_columns_tablet&quot;:&quot;2&quot;,&quot;classic_columns_mobile&quot;:&quot;1&quot;,&quot;query_offset&quot;:0}\" data-widget_type=\"raven-posts.classic\">\n\t\t\t\t<div class=\"elementor-widget-container\">\n\t\t\t\t\t\t\t<div class=\"raven-posts raven-grid raven-grid-2 raven-grid-mobile-1 raven-grid-tablet-2\" data-post-id=\"2073\" data-archive-query=\"\" data-lang=\"\">\r\n\t\t\t\t<div class=\"raven-grid-item raven-post-item post-2108 post type-post status-publish format-standard has-post-thumbnail hentry category-printemps-ete-2024\">\r\n\t\t\t<div class=\"raven-post\">\r\n\t\t\t\t\t\t<div class=\"raven-post-image-wrap\">\r\n\t\t\t<a class=\"raven-post-image raven-image-fit\" href=\"https:\/\/decohomes.es\/fr\/decohome-transforme-la-maison-le-jardin-avec-ses-nouvelles-collections\/\"><img loading=\"lazy\" decoding=\"async\" width=\"1024\" height=\"576\" src=\"https:\/\/decohomes.es\/wp-content\/uploads\/2024\/08\/primavera-verano-24-portada-1-1024x576.jpg\" class=\"attachment-large size-large wp-image-1973\" alt=\"Ambiance de canap\u00e9 TULA avec coussins VERGEL &amp; JARAPA\" srcset=\"https:\/\/decohomes.es\/wp-content\/uploads\/2024\/08\/primavera-verano-24-portada-1-1024x576.jpg 1024w, https:\/\/decohomes.es\/wp-content\/uploads\/2024\/08\/primavera-verano-24-portada-1-300x169.jpg 300w, https:\/\/decohomes.es\/wp-content\/uploads\/2024\/08\/primavera-verano-24-portada-1-768x432.jpg 768w, https:\/\/decohomes.es\/wp-content\/uploads\/2024\/08\/primavera-verano-24-portada-1-1536x864.jpg 1536w, https:\/\/decohomes.es\/wp-content\/uploads\/2024\/08\/primavera-verano-24-portada-1.jpg 1600w\" sizes=\"(max-width: 1024px) 100vw, 1024px\" \/> <span class=\"raven-post-image-overlay\"><\/span><\/a>\t\t<\/div>\r\n\t\t\t\t\t\t<div class=\"raven-post-content\">\r\n\t\t\t\t\t<h3 class=\"raven-post-title\"><a class=\"raven-post-title-link\" href=\"https:\/\/decohomes.es\/fr\/decohome-transforme-la-maison-le-jardin-avec-ses-nouvelles-collections\/\">DecoHome transforme la Maison &amp; le Jardin avec ses Nouvelles Collections<\/a><\/h3>\t\t<div class=\"raven-post-meta\"><span class=\"raven-post-meta-item raven-post-categories\"><a href=\"https:\/\/decohomes.es\/fr\/category\/printemps-ete-2024\/\" rel=\"tag\">Printemps \u2013 \u00c9t\u00e9 2024<\/a><\/span><\/div>\r\n\t\t<div class=\"raven-post-excerpt\">La saison Printemps & \u00c9t\u00e9 2024 surprend avec une mise en sc\u00e8ne diff\u00e9rente et une qualit\u00e9 sup\u00e9rieure dans ses designs & tissus.<\/div>\t\t\t\t<\/div>\r\n\t\t\t<\/div>\r\n\t\t<\/div>\r\n\t\t\t\t<div class=\"raven-grid-item raven-post-item post-2111 post type-post status-publish format-standard has-post-thumbnail hentry category-automne-hiver-24-25\">\r\n\t\t\t<div class=\"raven-post\">\r\n\t\t\t\t\t\t<div class=\"raven-post-image-wrap\">\r\n\t\t\t<a class=\"raven-post-image raven-image-fit\" href=\"https:\/\/decohomes.es\/fr\/a-la-decouverte-de-nouveaux-horizons-marches-avec-les-nouvelles-collections\/\"><img loading=\"lazy\" decoding=\"async\" width=\"1024\" height=\"576\" src=\"https:\/\/decohomes.es\/wp-content\/uploads\/2018\/09\/otono-invierno-24-portada-1024x576.jpg\" class=\"attachment-large size-large wp-image-1983\" alt=\"SELVA - Ambiance de canap\u00e9 avec tapis, coussins &amp; plaid\" srcset=\"https:\/\/decohomes.es\/wp-content\/uploads\/2018\/09\/otono-invierno-24-portada-1024x576.jpg 1024w, https:\/\/decohomes.es\/wp-content\/uploads\/2018\/09\/otono-invierno-24-portada-300x169.jpg 300w, https:\/\/decohomes.es\/wp-content\/uploads\/2018\/09\/otono-invierno-24-portada-768x432.jpg 768w, https:\/\/decohomes.es\/wp-content\/uploads\/2018\/09\/otono-invierno-24-portada-1536x864.jpg 1536w, https:\/\/decohomes.es\/wp-content\/uploads\/2018\/09\/otono-invierno-24-portada.jpg 1600w\" sizes=\"(max-width: 1024px) 100vw, 1024px\" \/> <span class=\"raven-post-image-overlay\"><\/span><\/a>\t\t<\/div>\r\n\t\t\t\t\t\t<div class=\"raven-post-content\">\r\n\t\t\t\t\t<h3 class=\"raven-post-title\"><a class=\"raven-post-title-link\" href=\"https:\/\/decohomes.es\/fr\/a-la-decouverte-de-nouveaux-horizons-marches-avec-les-nouvelles-collections\/\">\u00c0 la d\u00e9couverte de nouveaux horizons &amp; march\u00e9s avec les nouvelles collections<\/a><\/h3>\t\t<div class=\"raven-post-meta\"><span class=\"raven-post-meta-item raven-post-categories\"><a href=\"https:\/\/decohomes.es\/fr\/category\/automne-hiver-24-25\/\" rel=\"tag\">Automne \u2013 Hiver 24-25<\/a><\/span><\/div>\r\n\t\t<div class=\"raven-post-excerpt\">DecoHome continue de se d\u00e9marquer sur le march\u00e9 non seulement par son engagement envers l'excellence des mat\u00e9riaux et du design, mais aussi en offrant une exp\u00e9rience d'achat pratique et s\u00e9curis\u00e9e.<\/div>\t\t\t\t<\/div>\r\n\t\t\t<\/div>\r\n\t\t<\/div>\r\n\t\t\t\t<\/div>\r\n\t\t<span class=\"raven-infinite-load\"><\/span>\t\t\t\t<\/div>\n\t\t\t\t<\/div>\n\t\t\t\t\t<\/div>\n\t\t\t\t<\/div>\n\t\t\t\t<\/div>\n\t\t","protected":false},"excerpt":{"rendered":"<p>TEXTILES POUR LA MAISON, LE JARDIN &#038; LA PLAGE Entrez dans notre maison et d\u00e9couvrez les collections pour chaque saison. Vous pourrez choisir parmi une large gamme de produits. Design et tendance pour d\u00e9corer votre int\u00e9rieur. Vous cr\u00e9erez des espaces et des coins uniques, et n&rsquo;oubliez pas de profiter du confort en plein air. Nous [&hellip;]<\/p>\n","protected":false},"author":1,"featured_media":0,"parent":0,"menu_order":0,"comment_status":"closed","ping_status":"closed","template":"elementor_header_footer","meta":{"_acf_changed":false,"footnotes":""},"class_list":["post-2073","page","type-page","status-publish","hentry"],"acf":[],"_links":{"self":[{"href":"https:\/\/decohomes.es\/fr\/wp-json\/wp\/v2\/pages\/2073","targetHints":{"allow":["GET"]}}],"collection":[{"href":"https:\/\/decohomes.es\/fr\/wp-json\/wp\/v2\/pages"}],"about":[{"href":"https:\/\/decohomes.es\/fr\/wp-json\/wp\/v2\/types\/page"}],"author":[{"embeddable":true,"href":"https:\/\/decohomes.es\/fr\/wp-json\/wp\/v2\/users\/1"}],"replies":[{"embeddable":true,"href":"https:\/\/decohomes.es\/fr\/wp-json\/wp\/v2\/comments?post=2073"}],"version-history":[{"count":4,"href":"https:\/\/decohomes.es\/fr\/wp-json\/wp\/v2\/pages\/2073\/revisions"}],"predecessor-version":[{"id":2078,"href":"https:\/\/decohomes.es\/fr\/wp-json\/wp\/v2\/pages\/2073\/revisions\/2078"}],"wp:attachment":[{"href":"https:\/\/decohomes.es\/fr\/wp-json\/wp\/v2\/media?parent=2073"}],"curies":[{"name":"wp","href":"https:\/\/api.w.org\/{rel}","templated":true}]}}