{"id":2092,"date":"2018-09-03T11:04:16","date_gmt":"2018-09-03T11:04:16","guid":{"rendered":"https:\/\/decohomes.es\/sobre-nosotros\/"},"modified":"2024-09-26T15:27:38","modified_gmt":"2024-09-26T15:27:38","slug":"a-propos-de-nous","status":"publish","type":"page","link":"https:\/\/decohomes.es\/fr\/a-propos-de-nous\/","title":{"rendered":"\u00c0 propos de nous"},"content":{"rendered":"\t\t<div data-elementor-type=\"wp-post\" data-elementor-id=\"2092\" class=\"elementor elementor-2092 elementor-34\" data-elementor-post-type=\"page\">\n\t\t\t\t<div class=\"elementor-element elementor-element-d72bffd e-flex e-con-boxed e-con e-parent\" data-id=\"d72bffd\" data-element_type=\"container\" data-settings=\"{&quot;jet_parallax_layout_list&quot;:[]}\">\n\t\t\t\t\t<div class=\"e-con-inner\">\n\t\t\t\t<div class=\"elementor-element elementor-element-2eae9b3 elementor-widget elementor-widget-image\" data-id=\"2eae9b3\" data-element_type=\"widget\" data-widget_type=\"image.default\">\n\t\t\t\t<div class=\"elementor-widget-container\">\n\t\t\t\t\t\t\t\t\t\t\t\t\t\t\t<img fetchpriority=\"high\" decoding=\"async\" width=\"1024\" height=\"449\" src=\"https:\/\/decohomes.es\/wp-content\/uploads\/2024\/07\/A03-1024x449.jpg\" class=\"attachment-large size-large wp-image-1953\" alt=\"\" srcset=\"https:\/\/decohomes.es\/wp-content\/uploads\/2024\/07\/A03-1024x449.jpg 1024w, https:\/\/decohomes.es\/wp-content\/uploads\/2024\/07\/A03-300x132.jpg 300w, https:\/\/decohomes.es\/wp-content\/uploads\/2024\/07\/A03-768x337.jpg 768w, https:\/\/decohomes.es\/wp-content\/uploads\/2024\/07\/A03-1536x674.jpg 1536w, https:\/\/decohomes.es\/wp-content\/uploads\/2024\/07\/A03.jpg 1600w\" sizes=\"(max-width: 1024px) 100vw, 1024px\" \/>\t\t\t\t\t\t\t\t\t\t\t\t\t\t\t<\/div>\n\t\t\t\t<\/div>\n\t\t\t\t\t<\/div>\n\t\t\t\t<\/div>\n\t\t\t\t<section class=\"elementor-section elementor-top-section elementor-element elementor-element-420ae6c elementor-section-boxed elementor-section-height-default elementor-section-height-default\" data-id=\"420ae6c\" data-element_type=\"section\" data-settings=\"{&quot;jet_parallax_layout_list&quot;:[{&quot;jet_parallax_layout_image&quot;:{&quot;url&quot;:&quot;&quot;,&quot;id&quot;:&quot;&quot;,&quot;size&quot;:&quot;&quot;},&quot;_id&quot;:&quot;2ed72b1&quot;,&quot;jet_parallax_layout_speed&quot;:{&quot;unit&quot;:&quot;%&quot;,&quot;size&quot;:&quot;50&quot;,&quot;sizes&quot;:[]},&quot;jet_parallax_layout_bg_x&quot;:&quot;50&quot;,&quot;jet_parallax_layout_bg_y&quot;:&quot;50&quot;,&quot;jet_parallax_layout_image_tablet&quot;:{&quot;url&quot;:&quot;&quot;,&quot;id&quot;:&quot;&quot;,&quot;size&quot;:&quot;&quot;},&quot;jet_parallax_layout_image_mobile&quot;:{&quot;url&quot;:&quot;&quot;,&quot;id&quot;:&quot;&quot;,&quot;size&quot;:&quot;&quot;},&quot;jet_parallax_layout_type&quot;:&quot;scroll&quot;,&quot;jet_parallax_layout_direction&quot;:null,&quot;jet_parallax_layout_fx_direction&quot;:null,&quot;jet_parallax_layout_z_index&quot;:&quot;&quot;,&quot;jet_parallax_layout_bg_x_tablet&quot;:&quot;&quot;,&quot;jet_parallax_layout_bg_x_mobile&quot;:&quot;&quot;,&quot;jet_parallax_layout_bg_y_tablet&quot;:&quot;&quot;,&quot;jet_parallax_layout_bg_y_mobile&quot;:&quot;&quot;,&quot;jet_parallax_layout_bg_size&quot;:&quot;auto&quot;,&quot;jet_parallax_layout_bg_size_tablet&quot;:&quot;&quot;,&quot;jet_parallax_layout_bg_size_mobile&quot;:&quot;&quot;,&quot;jet_parallax_layout_animation_prop&quot;:&quot;transform&quot;,&quot;jet_parallax_layout_on&quot;:[&quot;desktop&quot;,&quot;tablet&quot;]}]}\">\n\t\t\t\t\t\t<div class=\"elementor-container elementor-column-gap-default\">\n\t\t\t\t\t<div class=\"elementor-column elementor-col-100 elementor-top-column elementor-element elementor-element-6a4380f\" data-id=\"6a4380f\" data-element_type=\"column\">\n\t\t\t<div class=\"elementor-widget-wrap elementor-element-populated\">\n\t\t\t\t\t\t<div class=\"elementor-element elementor-element-968327c elementor-widget elementor-widget-heading\" data-id=\"968327c\" data-element_type=\"widget\" data-widget_type=\"heading.default\">\n\t\t\t\t<div class=\"elementor-widget-container\">\n\t\t\t\t\t<h1 class=\"elementor-heading-title elementor-size-default\">Innovation et qualit\u00e9 dans les textiles pour la maison et le jardin<\/h1>\t\t\t\t<\/div>\n\t\t\t\t<\/div>\n\t\t\t\t<div class=\"elementor-element elementor-element-d2ec705 elementor-widget elementor-widget-text-editor\" data-id=\"d2ec705\" data-element_type=\"widget\" data-widget_type=\"text-editor.default\">\n\t\t\t\t<div class=\"elementor-widget-container\">\n\t\t\t\t\t\t\t\t\t<p>Decohome\u00ae a \u00e9t\u00e9 fond\u00e9e en 2013 et se distingue par l&rsquo;int\u00e9gration de tous les processus de d\u00e9veloppement, de conception, de production et de vente de ses produits.<\/p><p>L&rsquo;entreprise est sp\u00e9cialis\u00e9e dans le secteur textile, offrant une large gamme de produits class\u00e9s en deux lignes de produits : la ligne pour la maison et la ligne de d\u00e9coration pour jardins.<\/p><p>La ligne pour la maison couvre toutes les zones d&rsquo;une habitation, des chambres, salons, salles de bains et cuisines \u00e0 la d\u00e9coration du jardin. Nous nous concentrons sur la proposition d&rsquo;un ensemble de produits harmonieusement compl\u00e9mentaires, cr\u00e9ant des espaces confortables et esth\u00e9tiquement agr\u00e9ables pour nos clients.<\/p><p>Nous nous soucions du bien-\u00eatre de nos clients et de leurs familles, c&rsquo;est pourquoi nous investissons nos efforts pour leur fournir les produits les plus confortables et de la plus haute qualit\u00e9.<\/p><p>Nous mettons en \u0153uvre une gestion d&rsquo;entreprise efficace et disposons de programmes de formation avanc\u00e9s qui nous permettent d&rsquo;avoir des \u00e9quipes de production et de commercialisation hautement sp\u00e9cialis\u00e9es et responsables. De plus, nous collectons et analysons continuellement les informations du march\u00e9 pour capter les changements en temps utile et maintenir une position favorable dans un environnement commercial comp\u00e9titif.<\/p><p>Decohome\u00ae est une entreprise attrayante et comp\u00e9titive qui travaille sans rel\u00e2che pour offrir des produits et des services de haute qualit\u00e9, r\u00e9pondant \u00e0 la confiance de nos clients et s&rsquo;adaptant \u00e0 leurs besoins en constante \u00e9volution.<\/p><p>\u00a0<\/p>\t\t\t\t\t\t\t\t<\/div>\n\t\t\t\t<\/div>\n\t\t\t\t\t<\/div>\n\t\t<\/div>\n\t\t\t\t\t<\/div>\n\t\t<\/section>\n\t\t\t\t<\/div>\n\t\t","protected":false},"excerpt":{"rendered":"<p>Innovation et qualit\u00e9 dans les textiles pour la maison et le jardin Decohome\u00ae a \u00e9t\u00e9 fond\u00e9e en 2013 et se distingue par l&rsquo;int\u00e9gration de tous les processus de d\u00e9veloppement, de conception, de production et de vente de ses produits. L&rsquo;entreprise est sp\u00e9cialis\u00e9e dans le secteur textile, offrant une large gamme de produits class\u00e9s en deux [&hellip;]<\/p>\n","protected":false},"author":1,"featured_media":0,"parent":0,"menu_order":0,"comment_status":"closed","ping_status":"closed","template":"elementor_header_footer","meta":{"_acf_changed":false,"footnotes":""},"class_list":["post-2092","page","type-page","status-publish","hentry"],"acf":[],"_links":{"self":[{"href":"https:\/\/decohomes.es\/fr\/wp-json\/wp\/v2\/pages\/2092","targetHints":{"allow":["GET"]}}],"collection":[{"href":"https:\/\/decohomes.es\/fr\/wp-json\/wp\/v2\/pages"}],"about":[{"href":"https:\/\/decohomes.es\/fr\/wp-json\/wp\/v2\/types\/page"}],"author":[{"embeddable":true,"href":"https:\/\/decohomes.es\/fr\/wp-json\/wp\/v2\/users\/1"}],"replies":[{"embeddable":true,"href":"https:\/\/decohomes.es\/fr\/wp-json\/wp\/v2\/comments?post=2092"}],"version-history":[{"count":16,"href":"https:\/\/decohomes.es\/fr\/wp-json\/wp\/v2\/pages\/2092\/revisions"}],"predecessor-version":[{"id":2471,"href":"https:\/\/decohomes.es\/fr\/wp-json\/wp\/v2\/pages\/2092\/revisions\/2471"}],"wp:attachment":[{"href":"https:\/\/decohomes.es\/fr\/wp-json\/wp\/v2\/media?parent=2092"}],"curies":[{"name":"wp","href":"https:\/\/api.w.org\/{rel}","templated":true}]}}