{"id":2202,"date":"2024-07-29T07:36:29","date_gmt":"2024-07-29T07:36:29","guid":{"rendered":"https:\/\/decohomes.es\/blog\/"},"modified":"2024-09-19T07:10:59","modified_gmt":"2024-09-19T07:10:59","slug":"blog","status":"publish","type":"page","link":"https:\/\/decohomes.es\/fr\/blog\/","title":{"rendered":"Blog"},"content":{"rendered":"\t\t<div data-elementor-type=\"wp-page\" data-elementor-id=\"2202\" class=\"elementor elementor-2202 elementor-1000\" data-elementor-post-type=\"page\">\n\t\t\t\t<div class=\"elementor-element elementor-element-0360d7a e-flex e-con-boxed e-con e-parent\" data-id=\"0360d7a\" data-element_type=\"container\" data-settings=\"{&quot;jet_parallax_layout_list&quot;:[]}\">\n\t\t\t\t\t<div class=\"e-con-inner\">\n\t\t\t\t<div class=\"elementor-element elementor-element-ede790e elementor-widget elementor-widget-heading\" data-id=\"ede790e\" data-element_type=\"widget\" data-widget_type=\"heading.default\">\n\t\t\t\t<div class=\"elementor-widget-container\">\n\t\t\t\t\t<h2 class=\"elementor-heading-title elementor-size-default\">Blog<\/h2>\t\t\t\t<\/div>\n\t\t\t\t<\/div>\n\t\t\t\t<div class=\"elementor-element elementor-element-c4584e1 elementor-widget elementor-widget-raven-posts\" data-id=\"c4584e1\" data-element_type=\"widget\" data-settings=\"{&quot;query_posts_per_page&quot;:30,&quot;classic_show_pagination&quot;:&quot;yes&quot;,&quot;classic_pagination_type&quot;:&quot;infinite_load&quot;,&quot;_skin&quot;:&quot;classic&quot;,&quot;classic_layout&quot;:&quot;grid&quot;,&quot;classic_columns&quot;:&quot;3&quot;,&quot;classic_columns_tablet&quot;:&quot;2&quot;,&quot;classic_columns_mobile&quot;:&quot;1&quot;,&quot;query_offset&quot;:0}\" data-widget_type=\"raven-posts.classic\">\n\t\t\t\t<div class=\"elementor-widget-container\">\n\t\t\t\t\t\t\t<div class=\"raven-posts raven-grid raven-grid-3 raven-grid-mobile-1 raven-grid-tablet-2\" data-post-id=\"2202\" data-archive-query=\"\" data-lang=\"\">\r\n\t\t\t\t<div class=\"raven-grid-item raven-post-item post-2108 post type-post status-publish format-standard has-post-thumbnail hentry category-printemps-ete-2024\">\r\n\t\t\t<div class=\"raven-post\">\r\n\t\t\t\t\t\t<div class=\"raven-post-image-wrap\">\r\n\t\t\t<a class=\"raven-post-image raven-image-fit\" href=\"https:\/\/decohomes.es\/fr\/decohome-transforme-la-maison-le-jardin-avec-ses-nouvelles-collections\/\"><img fetchpriority=\"high\" decoding=\"async\" width=\"1024\" height=\"576\" src=\"https:\/\/decohomes.es\/wp-content\/uploads\/2024\/08\/primavera-verano-24-portada-1-1024x576.jpg\" class=\"attachment-large size-large wp-image-1973\" alt=\"Ambiance de canap\u00e9 TULA avec coussins VERGEL &amp; JARAPA\" srcset=\"https:\/\/decohomes.es\/wp-content\/uploads\/2024\/08\/primavera-verano-24-portada-1-1024x576.jpg 1024w, https:\/\/decohomes.es\/wp-content\/uploads\/2024\/08\/primavera-verano-24-portada-1-300x169.jpg 300w, https:\/\/decohomes.es\/wp-content\/uploads\/2024\/08\/primavera-verano-24-portada-1-768x432.jpg 768w, https:\/\/decohomes.es\/wp-content\/uploads\/2024\/08\/primavera-verano-24-portada-1-1536x864.jpg 1536w, https:\/\/decohomes.es\/wp-content\/uploads\/2024\/08\/primavera-verano-24-portada-1.jpg 1600w\" sizes=\"(max-width: 1024px) 100vw, 1024px\" \/> <span class=\"raven-post-image-overlay\"><\/span><\/a>\t\t<\/div>\r\n\t\t\t\t\t\t<div class=\"raven-post-content\">\r\n\t\t\t\t\t<h3 class=\"raven-post-title\"><a class=\"raven-post-title-link\" href=\"https:\/\/decohomes.es\/fr\/decohome-transforme-la-maison-le-jardin-avec-ses-nouvelles-collections\/\">DecoHome transforme la Maison &amp; le Jardin avec ses Nouvelles Collections<\/a><\/h3>\t\t<div class=\"raven-post-meta\"><span class=\"raven-post-meta-item raven-post-categories\"><a href=\"https:\/\/decohomes.es\/fr\/category\/printemps-ete-2024\/\" rel=\"tag\">Printemps \u2013 \u00c9t\u00e9 2024<\/a><\/span><\/div>\r\n\t\t<div class=\"raven-post-excerpt\">La saison Printemps & \u00c9t\u00e9 2024 surprend avec une mise en sc\u00e8ne diff\u00e9rente et une qualit\u00e9 sup\u00e9rieure dans ses designs & tissus.<\/div>\t\t\t\t<\/div>\r\n\t\t\t<\/div>\r\n\t\t<\/div>\r\n\t\t\t\t<div class=\"raven-grid-item raven-post-item post-2111 post type-post status-publish format-standard has-post-thumbnail hentry category-automne-hiver-24-25\">\r\n\t\t\t<div class=\"raven-post\">\r\n\t\t\t\t\t\t<div class=\"raven-post-image-wrap\">\r\n\t\t\t<a class=\"raven-post-image raven-image-fit\" href=\"https:\/\/decohomes.es\/fr\/a-la-decouverte-de-nouveaux-horizons-marches-avec-les-nouvelles-collections\/\"><img decoding=\"async\" width=\"1024\" height=\"576\" src=\"https:\/\/decohomes.es\/wp-content\/uploads\/2018\/09\/otono-invierno-24-portada-1024x576.jpg\" class=\"attachment-large size-large wp-image-1983\" alt=\"SELVA - Ambiance de canap\u00e9 avec tapis, coussins &amp; plaid\" srcset=\"https:\/\/decohomes.es\/wp-content\/uploads\/2018\/09\/otono-invierno-24-portada-1024x576.jpg 1024w, https:\/\/decohomes.es\/wp-content\/uploads\/2018\/09\/otono-invierno-24-portada-300x169.jpg 300w, https:\/\/decohomes.es\/wp-content\/uploads\/2018\/09\/otono-invierno-24-portada-768x432.jpg 768w, https:\/\/decohomes.es\/wp-content\/uploads\/2018\/09\/otono-invierno-24-portada-1536x864.jpg 1536w, https:\/\/decohomes.es\/wp-content\/uploads\/2018\/09\/otono-invierno-24-portada.jpg 1600w\" sizes=\"(max-width: 1024px) 100vw, 1024px\" \/> <span class=\"raven-post-image-overlay\"><\/span><\/a>\t\t<\/div>\r\n\t\t\t\t\t\t<div class=\"raven-post-content\">\r\n\t\t\t\t\t<h3 class=\"raven-post-title\"><a class=\"raven-post-title-link\" href=\"https:\/\/decohomes.es\/fr\/a-la-decouverte-de-nouveaux-horizons-marches-avec-les-nouvelles-collections\/\">\u00c0 la d\u00e9couverte de nouveaux horizons &amp; march\u00e9s avec les nouvelles collections<\/a><\/h3>\t\t<div class=\"raven-post-meta\"><span class=\"raven-post-meta-item raven-post-categories\"><a href=\"https:\/\/decohomes.es\/fr\/category\/automne-hiver-24-25\/\" rel=\"tag\">Automne \u2013 Hiver 24-25<\/a><\/span><\/div>\r\n\t\t<div class=\"raven-post-excerpt\">DecoHome continue de se d\u00e9marquer sur le march\u00e9 non seulement par son engagement envers l'excellence des mat\u00e9riaux et du design, mais aussi en offrant une exp\u00e9rience d'achat pratique et s\u00e9curis\u00e9e.<\/div>\t\t\t\t<\/div>\r\n\t\t\t<\/div>\r\n\t\t<\/div>\r\n\t\t\t\t<\/div>\r\n\t\t<span class=\"raven-infinite-load\"><\/span>\t\t\t\t<\/div>\n\t\t\t\t<\/div>\n\t\t\t\t<div class=\"elementor-element elementor-element-584e222 elementor-widget elementor-widget-spacer\" data-id=\"584e222\" data-element_type=\"widget\" data-widget_type=\"spacer.default\">\n\t\t\t\t<div class=\"elementor-widget-container\">\n\t\t\t\t\t\t\t<div class=\"elementor-spacer\">\n\t\t\t<div class=\"elementor-spacer-inner\"><\/div>\n\t\t<\/div>\n\t\t\t\t\t\t<\/div>\n\t\t\t\t<\/div>\n\t\t\t\t\t<\/div>\n\t\t\t\t<\/div>\n\t\t\t\t<\/div>\n\t\t","protected":false},"excerpt":{"rendered":"<p>DecoHome Transforma la Decoraci\u00f3n Textil en Hogares y Jardines con su Nueva Colecci\u00f3n Primavera &#8211; Verano 2024 Esta nueva colecci\u00f3n no solo incluye textiles de alta calidad para tapicer\u00eda y decoraci\u00f3n interior, sino tambi\u00e9n soluciones espec\u00edficas para exteriores que resisten las condiciones clim\u00e1ticas m\u00e1s adversas. DecoHome Lanza una Colecci\u00f3n Innovadora de Textiles para Renovar tu [&hellip;]<\/p>\n","protected":false},"author":1,"featured_media":0,"parent":0,"menu_order":0,"comment_status":"closed","ping_status":"closed","template":"elementor_header_footer","meta":{"_acf_changed":false,"footnotes":""},"class_list":["post-2202","page","type-page","status-publish","hentry"],"acf":[],"_links":{"self":[{"href":"https:\/\/decohomes.es\/fr\/wp-json\/wp\/v2\/pages\/2202","targetHints":{"allow":["GET"]}}],"collection":[{"href":"https:\/\/decohomes.es\/fr\/wp-json\/wp\/v2\/pages"}],"about":[{"href":"https:\/\/decohomes.es\/fr\/wp-json\/wp\/v2\/types\/page"}],"author":[{"embeddable":true,"href":"https:\/\/decohomes.es\/fr\/wp-json\/wp\/v2\/users\/1"}],"replies":[{"embeddable":true,"href":"https:\/\/decohomes.es\/fr\/wp-json\/wp\/v2\/comments?post=2202"}],"version-history":[{"count":1,"href":"https:\/\/decohomes.es\/fr\/wp-json\/wp\/v2\/pages\/2202\/revisions"}],"predecessor-version":[{"id":2204,"href":"https:\/\/decohomes.es\/fr\/wp-json\/wp\/v2\/pages\/2202\/revisions\/2204"}],"wp:attachment":[{"href":"https:\/\/decohomes.es\/fr\/wp-json\/wp\/v2\/media?parent=2202"}],"curies":[{"name":"wp","href":"https:\/\/api.w.org\/{rel}","templated":true}]}}