{"id":2218,"date":"2024-07-26T08:58:27","date_gmt":"2024-07-26T08:58:27","guid":{"rendered":"https:\/\/decohomes.es\/politica-de-privacidad\/"},"modified":"2024-09-23T17:03:47","modified_gmt":"2024-09-23T17:03:47","slug":"politique-de-confidentialite","status":"publish","type":"page","link":"https:\/\/decohomes.es\/fr\/politique-de-confidentialite\/","title":{"rendered":"Politique de confidentialit\u00e9"},"content":{"rendered":"\t\t<div data-elementor-type=\"wp-page\" data-elementor-id=\"2218\" class=\"elementor elementor-2218 elementor-805\" data-elementor-post-type=\"page\">\n\t\t\t\t<div class=\"elementor-element elementor-element-c1b6939 e-flex e-con-boxed e-con e-parent\" data-id=\"c1b6939\" data-element_type=\"container\" data-settings=\"{&quot;jet_parallax_layout_list&quot;:[]}\">\n\t\t\t\t\t<div class=\"e-con-inner\">\n\t\t\t\t<div class=\"elementor-element elementor-element-7f7c217 elementor-widget elementor-widget-image\" data-id=\"7f7c217\" data-element_type=\"widget\" data-widget_type=\"image.default\">\n\t\t\t\t<div class=\"elementor-widget-container\">\n\t\t\t\t\t\t\t\t\t\t\t\t\t\t\t<img fetchpriority=\"high\" decoding=\"async\" width=\"1024\" height=\"449\" src=\"https:\/\/decohomes.es\/wp-content\/uploads\/2024\/07\/A06-1024x449.jpg\" class=\"attachment-large size-large wp-image-1959\" alt=\"\" srcset=\"https:\/\/decohomes.es\/wp-content\/uploads\/2024\/07\/A06-1024x449.jpg 1024w, https:\/\/decohomes.es\/wp-content\/uploads\/2024\/07\/A06-300x132.jpg 300w, https:\/\/decohomes.es\/wp-content\/uploads\/2024\/07\/A06-768x337.jpg 768w, https:\/\/decohomes.es\/wp-content\/uploads\/2024\/07\/A06-1536x674.jpg 1536w, https:\/\/decohomes.es\/wp-content\/uploads\/2024\/07\/A06.jpg 1600w\" sizes=\"(max-width: 1024px) 100vw, 1024px\" \/>\t\t\t\t\t\t\t\t\t\t\t\t\t\t\t<\/div>\n\t\t\t\t<\/div>\n\t\t\t\t\t<\/div>\n\t\t\t\t<\/div>\n\t\t<div class=\"elementor-element elementor-element-0360d7a e-flex e-con-boxed e-con e-parent\" data-id=\"0360d7a\" data-element_type=\"container\" data-settings=\"{&quot;jet_parallax_layout_list&quot;:[]}\">\n\t\t\t\t\t<div class=\"e-con-inner\">\n\t\t\t\t<div class=\"elementor-element elementor-element-ede790e elementor-widget elementor-widget-heading\" data-id=\"ede790e\" data-element_type=\"widget\" data-widget_type=\"heading.default\">\n\t\t\t\t<div class=\"elementor-widget-container\">\n\t\t\t\t\t<h2 class=\"elementor-heading-title elementor-size-default\">Politique de confidentialit\u00e9<\/h2>\t\t\t\t<\/div>\n\t\t\t\t<\/div>\n\t\t\t\t<div class=\"elementor-element elementor-element-8701b18 elementor-widget elementor-widget-text-editor\" data-id=\"8701b18\" data-element_type=\"widget\" data-widget_type=\"text-editor.default\">\n\t\t\t\t<div class=\"elementor-widget-container\">\n\t\t\t\t\t\t\t\t\t<div class=\"elementor-element elementor-element-721d967 elementor-widget elementor-widget-text-editor\" data-id=\"721d967\" data-element_type=\"widget\" data-widget_type=\"text-editor.default\"><div class=\"elementor-widget-container\"><p><strong>Decohome Textil S.L.<\/strong> est propri\u00e9taire du site web <a href=\"http:\/\/www.decohomes.es\" target=\"_new\" rel=\"noopener\"><strong>www.decohomes.es<\/strong><\/a> et responsable du traitement des donn\u00e9es personnelles fournies par les utilisateurs via ce site web.<\/p><p>Nous informons ci-apr\u00e8s des termes relatifs \u00e0 la protection des donn\u00e9es \u00e0 caract\u00e8re personnel, que nous consid\u00e9rons comme \u00e9tant lus et compris par l&rsquo;utilisateur lorsqu&rsquo;il nous fournit ses informations personnelles et utilise ce site web.<\/p><p>\u00a0<\/p><p><strong>Informations sur le propri\u00e9taire du site<\/strong><\/p><p>Identit\u00e9 : Decohome Textil S.L<br \/>CIF : B87835500<br \/>Adresse postale : Calle Libertad, 1<br \/>45350 Noblejas, Tol\u00e8de<br \/>T\u00e9l\u00e9phone : (+34) 688 19 85 48<br \/>Courriel : <strong><a href=\"mailto:comercial@decohomes.es\" rel=\"noopener\">comercial@decohomes.es<\/a><\/strong>.<\/p><p>\u00a0<\/p><p><strong>Responsable de la protection des donn\u00e9es<\/strong><\/p><p>Le propri\u00e9taire est responsable des donn\u00e9es personnelles collect\u00e9es lors de la navigation et de l&rsquo;utilisation de ce site, conform\u00e9ment aux exigences \u00e9tablies par le R\u00c8GLEMENT (UE) 2016\/679 relatif \u00e0 la protection des donn\u00e9es des personnes physiques, ainsi qu&rsquo;en vertu de la Loi 34\/2002 du 11 juillet relative aux Services de la Soci\u00e9t\u00e9 de l&rsquo;Information et au Commerce \u00c9lectronique (LSSI-CE).<\/p><p>En utilisant ce site web, nous comprenons que vous avez lu et compris les informations relatives au traitement de vos donn\u00e9es personnelles.<\/p><p>\u00a0<\/p><p><strong>Politique de protection des donn\u00e9es<\/strong><\/p><p>Le responsable applique le principe de responsabilit\u00e9 active dans le traitement des donn\u00e9es personnelles, assurant une mise \u00e0 jour constante et une promotion de l&rsquo;am\u00e9lioration continue du syst\u00e8me de protection des donn\u00e9es, conform\u00e9ment aux exigences l\u00e9gales en vigueur, garantissant en tout cas :<\/p><ul><li>Le respect des libert\u00e9s et des droits fondamentaux des personnes physiques.<\/li><li>Que les donn\u00e9es sont trait\u00e9es de mani\u00e8re l\u00e9gale, loyale et transparente.<\/li><li>Que les donn\u00e9es trait\u00e9es sont exactes, ad\u00e9quates, pertinentes et limit\u00e9es par rapport aux finalit\u00e9s pour lesquelles elles sont collect\u00e9es.<\/li><li>Que les finalit\u00e9s pour lesquelles elles sont collect\u00e9es sont explicites et l\u00e9gitimes, et qu&rsquo;elles ne sont pas trait\u00e9es de mani\u00e8re incompatible avec ces finalit\u00e9s.<\/li><\/ul><p>L&rsquo;objectif de ce document est d&rsquo;informer les utilisateurs sur ce que nous faisons de leurs donn\u00e9es personnelles, comment elles sont collect\u00e9es, \u00e0 quelles fins elles sont utilis\u00e9es, les droits qui leur sont conf\u00e9r\u00e9s, ainsi que toutes les informations l\u00e9gales n\u00e9cessaires \u00e9tablies par la r\u00e9glementation en vigueur.<\/p><p>\u00a0<\/p><p><strong>Donn\u00e9es collect\u00e9es, finalit\u00e9 et l\u00e9gitimit\u00e9<\/strong><\/p><p>Les donn\u00e9es personnelles trait\u00e9es sont celles fournies par les utilisateurs via les formulaires disponibles sur ce site web et elles sont les minimums requis pour pouvoir :<\/p><ul><li>Vous envoyer des informations sur nos services.<\/li><li>R\u00e9pondre \u00e0 des questions.<\/li><\/ul><p>Ces finalit\u00e9s sont bas\u00e9es sur des principes l\u00e9gaux de traitement des donn\u00e9es collect\u00e9es, conform\u00e9ment \u00e0 la r\u00e9glementation en vigueur : pour l&rsquo;ex\u00e9cution d&rsquo;un contrat ou la prestation d&rsquo;un service aux utilisateurs, pour le respect des obligations l\u00e9gales, dans l&rsquo;int\u00e9r\u00eat l\u00e9gitime et avec le consentement des utilisateurs.<\/p><p>\u00a0<\/p><p><strong>Formulaires web<\/strong><\/p><p>Les donn\u00e9es personnelles collect\u00e9es via le formulaire de contact web sont utilis\u00e9es pour r\u00e9pondre \u00e0 toute question que l&rsquo;utilisateur pose via celui-ci.<\/p><p>Le traitement des donn\u00e9es est l\u00e9gitim\u00e9 par le consentement que vous nous donnez en acceptant express\u00e9ment les conditions de traitement \u00e9nonc\u00e9es dans cette politique de confidentialit\u00e9.<\/p><p>\u00a0<\/p><p><strong>Destinataires des donn\u00e9es<\/strong><\/p><p>Les donn\u00e9es personnelles obtenues via les formulaires web sont enregistr\u00e9es et conserv\u00e9es sur des supports \u00e9lectroniques contr\u00f4l\u00e9s et supervis\u00e9s par le responsable du traitement.<\/p><p>Vos donn\u00e9es personnelles ne seront pas communiqu\u00e9es \u00e0 des tiers.<\/p><p>Vous pouvez obtenir plus d&rsquo;informations sur le traitement des donn\u00e9es personnelles de notre organisation en le demandant par e-mail \u00e0 <strong><a href=\"mailto:comercial@decohomes.es\" rel=\"noopener\">comercial@decohomes.es<\/a><\/strong>.<\/p><p>\u00a0<\/p><p><strong>Mesures techniques et organisationnelles de protection des donn\u00e9es<\/strong><\/p><p>Les supports disposent des mesures techniques et organisationnelles n\u00e9cessaires pour garantir la confidentialit\u00e9 et la conservation des donn\u00e9es personnelles obtenues via le site web.<\/p><p>Les donn\u00e9es personnelles collect\u00e9es \u00e0 partir du site web sont trait\u00e9es via un protocole HTML avec un certificat SSL valide.<\/p><p>Le personnel impliqu\u00e9 dans les op\u00e9rations de traitement des donn\u00e9es (acc\u00e8s, \u00e9dition, suppression, etc.) est form\u00e9 et engag\u00e9 \u00e0 respecter cette politique de protection des donn\u00e9es.<\/p><p>\u00a0<\/p><p><strong>Conservation des donn\u00e9es<\/strong><\/p><p>Les donn\u00e9es personnelles obtenues via le formulaire de contact seront conserv\u00e9es aussi longtemps que n\u00e9cessaire pour r\u00e9pondre \u00e0 la demande\/la question pos\u00e9e.<\/p><p>\u00a0<\/p><p><strong>Opposition au traitement des donn\u00e9es \u00e0 des fins publicitaires<\/strong><\/p><p>Si vous avez donn\u00e9 votre consentement pour que vos donn\u00e9es soient utilis\u00e9es \u00e0 des fins publicitaires et que vous ne souhaitez plus recevoir de publicit\u00e9, vous pouvez r\u00e9voquer le consentement donn\u00e9 \u00e0 tout moment en envoyant un courriel \u00e0 l&rsquo;adresse <strong><a href=\"mailto:commerciale@decohomes.es\" rel=\"noopener\">commerciale@decohomes.es<\/a><\/strong>.<\/p><p>\u00a0<\/p><p><strong>Modifications de la Politique de Confidentialit\u00e9<\/strong><\/p><p>Il est possible que nous modifiions les informations contenues dans cette Politique de Confidentialit\u00e9 et de Cookies lorsque nous le jugerons opportun. Si nous le faisons, nous vous en informerons par diff\u00e9rents moyens via la Plateforme (par exemple, via une banni\u00e8re, un pop-up ou une notification push), ou m\u00eame par courriel lorsque le changement en question est significatif pour votre vie priv\u00e9e, afin que vous puissiez examiner les modifications, les \u00e9valuer et, le cas \u00e9ch\u00e9ant, vous opposer ou vous d\u00e9sinscrire d&rsquo;un service ou d&rsquo;une fonctionnalit\u00e9. Quoi qu&rsquo;il en soit, nous vous sugg\u00e9rons de consulter cette Politique de Confidentialit\u00e9 et de Cookies de temps en temps pour voir s&rsquo;il y a des changements mineurs ou si nous introduisons une am\u00e9lioration interactive.<\/p><p>\u00a0<\/p><p><strong>Exercice des droits<\/strong><\/p><p>\u00c0 tout moment, les utilisateurs peuvent exercer les droits de rectification des donn\u00e9es inexactes, de suppression ou droit \u00e0 l&rsquo;oubli, d&rsquo;opposition au traitement pour des raisons li\u00e9es \u00e0 leur situation particuli\u00e8re, ainsi que de limitation et de portabilit\u00e9 des donn\u00e9es, dans les conditions pr\u00e9vues par le RGPD.<\/p><p>Les droits peuvent \u00eatre exerc\u00e9s via les canaux suivants :<\/p><ul><li>Communication \u00e9crite adress\u00e9e \u00e0 Decohome Textil S.L, Calle Libertad, 1 \u2013 45350 Noblejas, Tol\u00e8de.<\/li><li>Courriel \u00e0 <strong><a href=\"mailto:comercial@decohomes.es\" rel=\"noopener\">comercial@decohomes.es<\/a><\/strong>, en pr\u00e9cisant dans l&rsquo;objet du message \u00ab Demande de droits RGPD \u00bb.<\/li><\/ul><p>Nous rappelons \u00e9galement qu&rsquo;\u00e0 tout moment, l&rsquo;utilisateur a le droit de d\u00e9poser une r\u00e9clamation aupr\u00e8s de l&rsquo;Agence Espagnole de Protection des Donn\u00e9es ou de l&rsquo;autorit\u00e9 de contr\u00f4le comp\u00e9tente.<\/p><p>\u00a0<\/p><p><strong>Date de publication<\/strong><\/p><p>La pr\u00e9sente politique de confidentialit\u00e9 et de protection des donn\u00e9es a \u00e9t\u00e9 publi\u00e9e le 26 juillet 2024.<\/p><p>\u00a0<\/p><\/div><\/div>\t\t\t\t\t\t\t\t<\/div>\n\t\t\t\t<\/div>\n\t\t\t\t\t<\/div>\n\t\t\t\t<\/div>\n\t\t\t\t<\/div>\n\t\t","protected":false},"excerpt":{"rendered":"<p>Decohome Textil S.L. est propri\u00e9taire du site web www.decohomes.es et responsable du traitement des donn\u00e9es personnelles fournies par les utilisateurs via ce site web. Nous informons ci-apr\u00e8s des termes relatifs \u00e0 la protection des donn\u00e9es \u00e0 caract\u00e8re personnel, que nous consid\u00e9rons comme \u00e9tant lus et compris par l&rsquo;utilisateur lorsqu&rsquo;il nous fournit ses informations personnelles et [&hellip;]<\/p>\n","protected":false},"author":1,"featured_media":0,"parent":0,"menu_order":0,"comment_status":"closed","ping_status":"closed","template":"elementor_header_footer","meta":{"_acf_changed":false,"footnotes":""},"class_list":["post-2218","page","type-page","status-publish","hentry"],"acf":[],"_links":{"self":[{"href":"https:\/\/decohomes.es\/fr\/wp-json\/wp\/v2\/pages\/2218","targetHints":{"allow":["GET"]}}],"collection":[{"href":"https:\/\/decohomes.es\/fr\/wp-json\/wp\/v2\/pages"}],"about":[{"href":"https:\/\/decohomes.es\/fr\/wp-json\/wp\/v2\/types\/page"}],"author":[{"embeddable":true,"href":"https:\/\/decohomes.es\/fr\/wp-json\/wp\/v2\/users\/1"}],"replies":[{"embeddable":true,"href":"https:\/\/decohomes.es\/fr\/wp-json\/wp\/v2\/comments?post=2218"}],"version-history":[{"count":10,"href":"https:\/\/decohomes.es\/fr\/wp-json\/wp\/v2\/pages\/2218\/revisions"}],"predecessor-version":[{"id":2443,"href":"https:\/\/decohomes.es\/fr\/wp-json\/wp\/v2\/pages\/2218\/revisions\/2443"}],"wp:attachment":[{"href":"https:\/\/decohomes.es\/fr\/wp-json\/wp\/v2\/media?parent=2218"}],"curies":[{"name":"wp","href":"https:\/\/api.w.org\/{rel}","templated":true}]}}